{"id":1588,"date":"2018-04-26T11:04:00","date_gmt":"2018-04-26T11:04:00","guid":{"rendered":"https:\/\/viajestauro.com\/city-breaks\/"},"modified":"2018-07-24T11:24:23","modified_gmt":"2018-07-24T09:24:23","slug":"staedtereisen","status":"publish","type":"page","link":"https:\/\/www.viajestauro.com\/de\/touristische-dienstleistungen\/staedtereisen\/","title":{"rendered":"St\u00e4dtereisen"},"content":{"rendered":"<div class=\"wpb-content-wrapper\"><p>[vc_row equal_height=&#8220;yes&#8220; content_placement=&#8220;middle&#8220; type=&#8220;vc_default&#8220; margin_top=&#8220;-50&#8243; anchor=&#8220;about&#8220; css=&#8220;.vc_custom_1524641712343{padding-top: 90px !important;padding-bottom: 90px !important;}&#8220;][vc_column width=&#8220;2\/3&#8243; offset=&#8220;vc_col-lg-offset-0 vc_col-lg-7 vc_col-md-offset-0 vc_col-md-8&#8243;]<div id=\"ultimate-heading-535469d7284298d74\" class=\"uvc-heading ult-adjust-bottom-margin ultimate-heading-535469d7284298d74 uvc-7395 accent-border-color accent-subtitle-color\" data-hspacer=\"no_spacer\"  data-halign=\"left\" style=\"text-align:left\"><div class=\"uvc-heading-spacer no_spacer\" style=\"top\"><\/div><div class=\"uvc-main-heading ult-responsive\"  data-ultimate-target='.uvc-heading.ultimate-heading-535469d7284298d74 h2'  data-responsive-json-new='{\"font-size\":\"desktop:40px;tablet_portrait:40px;\",\"line-height\":\"desktop:50px;tablet_portrait:50px;\"}' ><h2 style=\"font-weight:bold;margin-bottom:30px;\">ST\u00c4DTEREISEN<\/h2><\/div><div class=\"uvc-sub-heading ult-responsive\"  data-ultimate-target='.uvc-heading.ultimate-heading-535469d7284298d74 .uvc-sub-heading '  data-responsive-json-new='{\"font-size\":\"desktop:26px;\",\"line-height\":\"desktop:38px;\"}'  style=\"font-weight:700;color:#ffffff;margin-bottom:35px;\"><\/p>\n<h3><span style=\"color: #0991ba;\">Unvergessliche Wochenenden, touristische Erlebnisse von kurzer Dauer, aber von gro\u00dfer Intensit\u00e4t!<\/span><\/h3>\n<p><\/div><\/div>[vc_column_text css=&#8220;.vc_custom_1530270320908{padding-bottom: 40px !important;}&#8220;]Entdecken Sie die besten St\u00e4dtereisen mit Viajes Tauro. Immer unter Ihrer Wahl, wir h\u00f6ren mit Interesse auf Ihre Pr\u00e4ferenzen und wir erarbeiten touristische Programme von gro\u00dfer Qualit\u00e4t entsprechend Ihren Bedingungen.<\/p>\n<p>Viajes Tauro bietet Ihnen viel mehr als nur Reiseziele, wir bieten Ihnen in jedem Moment, was Aktuell ist und was Inn ist. Viajes Tauro zeigt alles, was andere nicht sehen, wir sind immer auf der Suche nach originalen Erfahrungen, darin haben wir uns spezialisiert. Wir suchen bei jeder St\u00e4dtereise, die Stra\u00dfen, die Pl\u00e4tze, jenen einzigartigen Orten jeder Stadt, denen niemand gleichg\u00fcltig ist und bleibt. Das Geheimnis unseres Erfolges ist, dass Viajes Tauro, mit unseren eigenen Erfahrungen bei unseren eigenen Reisen immer alles \u00fcberpr\u00fcfen und abcheckt, so das alles perfekt ist und wir wissen das dann unsere Kunden es geniessen werden.<\/p>\n<p>Unsere Priorit\u00e4t ist die Zufriedenheit des Reisenden, deshalb bieten wir einen umfassenden Service an. Von dem Urlaubs oder Ferien beginn, bis zu der R\u00fcckkehr. Wir bieten Ihnen rund um die Uhr Kundendienst, wo auch immer Sie sich auf der Welt befinden.<\/p>\n<p>Mit den St\u00e4dtereisen m\u00f6chte Viajes Tauro einen intensiven Besuch abstatten, der es dem Reisenden erm\u00f6glicht, sich mit der Essenz sich vertraut zu machen, das er wissen m\u00f6chte. Wir suchen mit jedem City Break eine einzigartige Erfahrung, mit den erforderlichen Besuchen, aber auch mit besonderen Elementen, die uns zu einer Agentur machen, die sich von den anderen unterscheidet.<br \/>\n[\/vc_column_text][\/vc_column][vc_column width=&#8220;1\/3&#8243; offset=&#8220;vc_col-lg-5 vc_col-md-4 vc_hidden-sm vc_hidden-xs&#8220;]<style type=\"text\/css\" data-type=\"the7_shortcodes-inline-css\">.shortcode-single-image-wrap.shortcode-single-image-69bbaf30207352874114b1befa50937f.enable-bg-rollover .rollover i,\n.shortcode-single-image-wrap.shortcode-single-image-69bbaf30207352874114b1befa50937f.enable-bg-rollover .rollover-video i {\n  background: ;\n  background: -webkit-linear-gradient();\n  background: linear-gradient();\n}\n.shortcode-single-image-wrap.shortcode-single-image-69bbaf30207352874114b1befa50937f .rollover-icon {\n  font-size: 32px;\n  color: #ffffff;\n  min-width: 44px;\n  min-height: 44px;\n  line-height: 44px;\n  border-radius: 100px;\n  border-style: solid;\n  border-width: 0px;\n}\n.dt-icon-bg-on.shortcode-single-image-wrap.shortcode-single-image-69bbaf30207352874114b1befa50937f .rollover-icon {\n  background: rgba(255,255,255,0.3);\n  box-shadow: none;\n}<\/style><div class=\"shortcode-single-image-wrap shortcode-single-image-69bbaf30207352874114b1befa50937f alignnone  vc_custom_1529922672531 enable-bg-rollover dt-icon-bg-off\" ><div class=\"shortcode-single-image\"><div class=\"fancy-media-wrap  layzr-bg\" style=\"\"><img fetchpriority=\"high\" decoding=\"async\" class=\"preload-me lazy-load aspect\" src=\"data:image\/svg+xml,%3Csvg%20xmlns%3D&#39;http%3A%2F%2Fwww.w3.org%2F2000%2Fsvg&#39;%20viewBox%3D&#39;0%200%20500%20500&#39;%2F%3E\" data-src=\"https:\/\/www.viajestauro.com\/wp-content\/uploads\/2018\/06\/viajes-tauro-home-img-escursiones-visitas-guiadas-500x500.jpg\" data-srcset=\"https:\/\/www.viajestauro.com\/wp-content\/uploads\/2018\/06\/viajes-tauro-home-img-escursiones-visitas-guiadas-500x500.jpg 500w, https:\/\/www.viajestauro.com\/wp-content\/uploads\/2018\/06\/viajes-tauro-home-img-escursiones-visitas-guiadas-800x800.jpg 800w\" loading=\"eager\" sizes=\"(max-width: 500px) 100vw, 500px\" width=\"500\" height=\"500\"  data-dt-location=\"https:\/\/www.viajestauro.com\/de\/quienes-somos\/viajes-tauro-home-img-escursiones-visitas-guiadas\/\" style=\"--ratio: 500 \/ 500;\" alt=\"Turismo en autocar\" \/><\/div><\/div><\/div>[\/vc_column][\/vc_row][vc_row full_width=&#8220;stretch_row&#8220; equal_height=&#8220;yes&#8220; bg_type=&#8220;bg_color&#8220; bg_override=&#8220;full&#8220; type=&#8220;vc_default&#8220; css=&#8220;.vc_custom_1530264883225{border-top-width: 3px !important;padding-top: 40px !important;padding-bottom: 40px !important;border-top-color: #1b91b8 !important;border-top-style: solid !important;}&#8220; bg_color_value=&#8220;#1e1e1e&#8220; el_id=&#8220;footer-contact&#8220;][vc_column offset=&#8220;vc_col-lg-6 vc_col-md-6&#8243;]<div id=\"ultimate-heading-163169d728429aa42\" class=\"uvc-heading ult-adjust-bottom-margin ultimate-heading-163169d728429aa42 uvc-7476 accent-border-color accent-subtitle-color\" data-hspacer=\"no_spacer\"  data-halign=\"left\" style=\"text-align:left\"><div class=\"uvc-heading-spacer no_spacer\" style=\"top\"><\/div><div class=\"uvc-main-heading ult-responsive\"  data-ultimate-target='.uvc-heading.ultimate-heading-163169d728429aa42 h2'  data-responsive-json-new='{\"font-size\":\"desktop:45px;tablet_portrait:40px;\",\"line-height\":\"desktop:55px;tablet_portrait:50px;\"}' ><h2 style=\"font-weight:normal;color:#ffffff;margin-bottom:30px;\">Kontaktieren Sie uns<\/h2><\/div><div class=\"uvc-sub-heading ult-responsive\"  data-ultimate-target='.uvc-heading.ultimate-heading-163169d728429aa42 .uvc-sub-heading '  data-responsive-json-new='{\"font-size\":\"desktop:26px;\",\"line-height\":\"desktop:38px;\"}'  style=\"font-weight:700;color:#ffffff;margin-bottom:35px;\"><\/p>\n<h3><span style=\"color: #6bbdd5;\">F\u00fcllen Sie unser Kontaktformular aus und wir werden uns so schnell wie m\u00f6glich bei Ihnen melden.<\/span><\/h3>\n<p><\/div><\/div><div class=\"aio-icon-component  vc_custom_1528716299600  dt-phone style_1\"><div id=\"Info-box-wrap-1300\" class=\"aio-icon-box default-icon\" style=\"\"  ><div class=\"aio-icon-default\"><div class=\"ult-just-icon-wrapper  \"><div class=\"align-icon\" style=\"text-align:center;\">\n<div class=\"aio-icon none \"  style=\"color:#ffffff;font-size:24px;display:inline-block;\">\n\t<i class=\"icomoon-font-awesome-14x14-phone\"><\/i>\n<\/div><\/div><\/div><\/div><div class=\"aio-icon-header\" ><h3 class=\"aio-icon-title ult-responsive\"  data-ultimate-target='#Info-box-wrap-1300 .aio-icon-title'  data-responsive-json-new='{\"font-size\":\"desktop:24px;\",\"line-height\":\"desktop:24px;\"}'  style=\"font-family:&#039;Open Sans&#039;;font-weight:normal;font-style:normal;color:#ffffff;\">Tel: +34 93 769 06 55 - Fax: +34 93 766 21 88<\/h3><\/div> <!-- header --><\/div> <!-- aio-icon-box --><\/div> <!-- aio-icon-component --><div class=\"aio-icon-component  vc_custom_1528716304900   style_1\"><div id=\"Info-box-wrap-1727\" class=\"aio-icon-box default-icon\" style=\"\"  ><div class=\"aio-icon-default\"><div class=\"ult-just-icon-wrapper  \"><div class=\"align-icon\" style=\"text-align:center;\">\n<div class=\"aio-icon none \"  style=\"color:#ffffff;font-size:24px;display:inline-block;\">\n\t<i class=\"icomoon-font-awesome-14x14-envelope\"><\/i>\n<\/div><\/div><\/div><\/div><div class=\"aio-icon-header\" ><h3 class=\"aio-icon-title ult-responsive\"  data-ultimate-target='#Info-box-wrap-1727 .aio-icon-title'  data-responsive-json-new='{\"font-size\":\"desktop:18px;\",\"line-height\":\"desktop:24px;\"}'  style=\"font-family:&#039;Open Sans&#039;;font-weight:normal;font-style:normal;color:#ffffff;\">emisor@viajestauro.com<\/h3><\/div> <!-- header --><\/div> <!-- aio-icon-box --><\/div> <!-- aio-icon-component --><div class=\"aio-icon-component  vc_custom_1530264387321   style_1\"><div id=\"Info-box-wrap-9699\" class=\"aio-icon-box default-icon\" style=\"\"  ><div class=\"aio-icon-default\"><div class=\"ult-just-icon-wrapper  \"><div class=\"align-icon\" style=\"text-align:center;\">\n<div class=\"aio-icon none \"  style=\"color:#ffffff;font-size:24px;display:inline-block;\">\n\t<i class=\"icomoon-font-awesome-14x14-home\"><\/i>\n<\/div><\/div><\/div><\/div><div class=\"aio-icon-header\" ><h3 class=\"aio-icon-title ult-responsive\"  data-ultimate-target='#Info-box-wrap-9699 .aio-icon-title'  data-responsive-json-new='{\"font-size\":\"desktop:18px;\",\"line-height\":\"desktop:24px;\"}'  style=\"font-family:&#039;Open Sans&#039;;font-weight:normal;font-style:normal;color:#ffffff;\"> C.\/ de la Esgl\u00e9sia, 4 - 08370 Calella (Bcn) - Espa\u00f1a<\/h3><\/div> <!-- header --><\/div> <!-- aio-icon-box --><\/div> <!-- aio-icon-component --><div class=\"aio-icon-component  vc_custom_1530270470003   style_1\"><div id=\"Info-box-wrap-2305\" class=\"aio-icon-box default-icon\" style=\"\"  ><div class=\"aio-icon-default\"><div class=\"ult-just-icon-wrapper  \"><div class=\"align-icon\" style=\"text-align:center;\">\n<div class=\"aio-icon none \"  style=\"color:#ffffff;font-size:24px;display:inline-block;\">\n\t<i class=\"icomoon-font-awesome-14x14-calendar\"><\/i>\n<\/div><\/div><\/div><\/div><div class=\"aio-icon-header\" ><h3 class=\"aio-icon-title ult-responsive\"  data-ultimate-target='#Info-box-wrap-2305 .aio-icon-title'  data-responsive-json-new='{\"font-size\":\"desktop:18px;\",\"line-height\":\"desktop:28px;\"}'  style=\"font-family:&#039;Open Sans&#039;;font-weight:normal;font-style:normal;color:#ffffff;\">Montag - Frietag von 9:00 - 14:00 \/ 16:00 - 20:00<\/h3><\/div> <!-- header --><\/div> <!-- aio-icon-box --><\/div> <!-- aio-icon-component --><div class=\"  uavc-icons \">\n<a class=\"aio-tooltip 69d728429b871\" href=\"https:\/\/goo.gl\/maps\/qRAtArbk4Fy\" target=\"_blank\" rel=\"noopener\"  data-toggle=\"tooltip\" data-placement=\"top\" title=\"Google Business\"><div class=\"aio-icon circle \" data-animation=\"\" data-animation-delay=\"03\" style=\"color:#ffffff;background:#dd4e41;font-size:24px;margin-right:5px;\">\n\t<i class=\"Defaults-map-marker\"><\/i>\n<\/div><\/a>\n<a class=\"aio-tooltip 69d728429b8db\" href=\"http:\/\/viajestauro.com\/actualidad\/\"  data-toggle=\"tooltip\" data-placement=\"top\" title=\"Blog Viajes Tauro\"><div class=\"aio-icon circle \" data-animation=\"\" data-animation-delay=\"03\" style=\"color:#ffffff;background:#6bbdd5;font-size:24px;margin-right:5px;\">\n\t<i class=\"Defaults-comments-o\"><\/i>\n<\/div><\/a><\/div>[\/vc_column][vc_column offset=&#8220;vc_col-lg-6 vc_col-md-6&#8243;][vc_column_text]<div class=\"frm_forms  with_frm_style frm_style_formidable-style\" id=\"frm_form_6_container\" >\n<form enctype=\"multipart\/form-data\" method=\"post\" class=\"frm-show-form  frm_ajax_submit  frm_pro_form \" id=\"form_contact-form-de\" >\n<div class=\"frm_form_fields \">\n<fieldset>\n<legend class=\"frm_screen_reader\">Contactar - DE<\/legend>\r\n\r\n<div class=\"frm_fields_container\">\n<input type=\"hidden\" name=\"frm_action\" value=\"create\" \/>\n<input type=\"hidden\" name=\"form_id\" value=\"6\" \/>\n<input type=\"hidden\" name=\"frm_hide_fields_6\" id=\"frm_hide_fields_6\" value=\"\" \/>\n<input type=\"hidden\" name=\"form_key\" value=\"contact-form-de\" \/>\n<input type=\"hidden\" name=\"item_meta[0]\" value=\"\" \/>\n<input type=\"hidden\" id=\"frm_submit_entry_6\" name=\"frm_submit_entry_6\" value=\"de9573bc17\" \/><input type=\"hidden\" name=\"_wp_http_referer\" value=\"\/de\/wp-json\/wp\/v2\/pages\/1588\" \/><div id=\"frm_field_70_container\" class=\"frm_form_field form-field  frm_required_field frm_top_container frm_full\">\r\n    <label for=\"field_qh4icy3\" class=\"frm_primary_label\">Name\r\n        <span class=\"frm_required\">*<\/span>\r\n    <\/label>\r\n    <input type=\"text\" id=\"field_qh4icy3\" name=\"item_meta[70]\" value=\"\"  data-reqmsg=\"Este campo no puede estar en blanco.\" aria-required=\"true\" data-invmsg=\"Name no es v\u00e1lido\" aria-invalid=\"false\"  \/>\r\n    \r\n    \r\n<\/div>\n<div id=\"frm_field_71_container\" class=\"frm_form_field form-field  frm_required_field frm_top_container frm_full\">\r\n    <label for=\"field_29yf4d3\" class=\"frm_primary_label\">Email\r\n        <span class=\"frm_required\">*<\/span>\r\n    <\/label>\r\n    <input type=\"email\" id=\"field_29yf4d3\" name=\"item_meta[71]\" value=\"\"  data-reqmsg=\"Este campo no puede estar en blanco.\" aria-required=\"true\" data-invmsg=\"Please enter a valid email address\" aria-invalid=\"false\"  \/>\r\n    \r\n    \r\n<\/div>\n<div id=\"frm_field_72_container\" class=\"frm_form_field form-field  frm_required_field frm_top_container frm_full\">\r\n    <label for=\"field_u8sy2\" class=\"frm_primary_label\">Telefon\r\n        <span class=\"frm_required\">*<\/span>\r\n    <\/label>\r\n    <input type=\"tel\" id=\"field_u8sy2\" name=\"item_meta[72]\" value=\"\"  data-reqmsg=\"Este campo no puede estar en blanco.\" aria-required=\"true\" data-invmsg=\"Phone no es v\u00e1lido\" aria-invalid=\"false\" pattern=\"((\\+\\d{1,3}(-|.| )?\\(?\\d\\)?(-| |.)?\\d{1,5})|(\\(?\\d{2,6}\\)?))(-|.| )?(\\d{3,4})(-|.| )?(\\d{4})(( x| ext)\\d{1,5}){0,1}$\"  \/>\r\n    \r\n    \r\n<\/div>\n<div id=\"frm_field_73_container\" class=\"frm_form_field form-field  frm_required_field frm_top_container frm_full\">\r\n    <label for=\"field_9jv0r13\" class=\"frm_primary_label\">Nachricht\r\n        <span class=\"frm_required\">*<\/span>\r\n    <\/label>\r\n    <textarea name=\"item_meta[73]\" id=\"field_9jv0r13\" rows=\"5\"  data-reqmsg=\"Este campo no puede estar en blanco.\" aria-required=\"true\" data-invmsg=\"Nachricht ist ung\u00fcltig\" aria-invalid=\"false\"  ><\/textarea>\r\n    \r\n    \r\n<\/div>\n<div id=\"frm_field_74_container\" class=\"frm_form_field form-field  frm_required_field frm_none_container vertical_radio\">\r\n    <label for=\"field_f9cuk2\" class=\"frm_primary_label\">Akzeptanz LOPD - RGPD\r\n        <span class=\"frm_required\">*<\/span>\r\n    <\/label>\r\n    <div class=\"frm_opt_container\">\t\t<div class=\"frm_checkbox\" id=\"frm_checkbox_74-0\">\t\t\t<label  for=\"field_f9cuk2-0\">\n\t\t\t<input type=\"checkbox\" name=\"item_meta[74][]\" id=\"field_f9cuk2-0\" value=\"Ich habe die Datenschutzerkl\u00e4rung gelesen und akzeptiere sie.\"  data-reqmsg=\"Este campo no puede estar en blanco.\" data-invmsg=\"Akzeptanz LOPD - RGPD ist ung\u00fcltig\"   aria-required=\"true\"  \/> Ich habe die Datenschutzerkl\u00e4rung gelesen und akzeptiere sie.<\/label><\/div>\n<\/div>\r\n    \r\n    \r\n<\/div>\n<div id=\"frm_field_75_container\" class=\"frm_form_field form-field  frm_none_container\">\r\n    <label  class=\"frm_primary_label\">reCAPTCHA\r\n        <span class=\"frm_required\"><\/span>\r\n    <\/label>\r\n    <div  id=\"field_5k0ru2\" class=\"g-recaptcha\" data-sitekey=\"6LdyYWEUAAAAAJcSdfPk3DLCehK-oKFxvTW1eTUl\" data-size=\"normal\" data-theme=\"light\"><\/div>\r\n    \r\n    \r\n<\/div>\n\t<input type=\"hidden\" name=\"item_key\" value=\"\" \/>\n\t\t\t<div id=\"frm_field_94_container\">\n\t\t\t<label for=\"field_umg1f\" >\n\t\t\t\tFalls Du menschlich bist, lasse dieses Feld leer.\t\t\t<\/label>\n\t\t\t<input  id=\"field_umg1f\" type=\"text\" class=\"frm_form_field form-field frm_verify\" name=\"item_meta[94]\" value=\"\"  \/>\n\t\t<\/div>\n\t\t<input name=\"frm_state\" type=\"hidden\" value=\"dmx+aqDb6KXxCy0e7HOgEPSKeYSkun44BM+KWpUDaAocMwieUvU7wmpjZQvxiPXA\" \/><div class=\"frm_submit\">\r\n\r\n<button class=\"frm_button_submit frm_final_submit\" type=\"submit\"   formnovalidate=\"formnovalidate\">Senden<\/button>\r\n\r\n<\/div><\/div>\n<\/fieldset>\n<\/div>\n\n<\/form>\n<\/div>\n[\/vc_column_text][\/vc_column][\/vc_row]<\/p>\n<\/div>","protected":false},"excerpt":{"rendered":"<p>[vc_row equal_height=&#8220;yes&#8220; content_placement=&#8220;middle&#8220; type=&#8220;vc_default&#8220; margin_top=&#8220;-50&#8243; anchor=&#8220;about&#8220; css=&#8220;.vc_custom_1524641712343{padding-top: 90px !important;padding-bottom: 90px !important;}&#8220;][vc_column width=&#8220;2\/3&#8243; offset=&#8220;vc_col-lg-offset-0 vc_col-lg-7 vc_col-md-offset-0 vc_col-md-8&#8243;][vc_column_text css=&#8220;.vc_custom_1530270320908{padding-bottom: 40px !important;}&#8220;]Entdecken Sie die besten St\u00e4dtereisen mit Viajes Tauro. Immer unter Ihrer Wahl, wir h\u00f6ren mit Interesse auf Ihre Pr\u00e4ferenzen und wir erarbeiten touristische Programme von gro\u00dfer Qualit\u00e4t entsprechend Ihren Bedingungen. Viajes Tauro bietet Ihnen viel mehr als&hellip;<\/p>\n","protected":false},"author":1,"featured_media":0,"parent":1614,"menu_order":10,"comment_status":"closed","ping_status":"open","template":"template-microsite.php","meta":{"footnotes":""},"class_list":["post-1588","page","type-page","status-publish","hentry","description-off"],"yoast_head":"<!-- This site is optimized with the Yoast SEO plugin v27.0 - https:\/\/yoast.com\/product\/yoast-seo-wordpress\/ -->\n<title>St\u00e4dtereisen, wir zeigen Ihnen zu jeder Zeit, was Inn ist- Viajes Tauro<\/title>\n<meta name=\"description\" content=\"Viajes Tauro bietet Ihnen viel mehr als Reiseziele, wir bieten Ihnen jederzeit, was ist Actualidad, was ist Inn. Vertrauen Sie unserem Kriterium des guten Reisenden\" \/>\n<meta name=\"robots\" content=\"index, follow, max-snippet:-1, max-image-preview:large, max-video-preview:-1\" \/>\n<link rel=\"canonical\" href=\"https:\/\/www.viajestauro.com\/de\/touristische-dienstleistungen\/staedtereisen\/\" \/>\n<meta property=\"og:locale\" content=\"de_DE\" \/>\n<meta property=\"og:type\" content=\"article\" \/>\n<meta property=\"og:title\" content=\"St\u00e4dtereisen, wir zeigen Ihnen zu jeder Zeit, was Inn ist- Viajes Tauro\" \/>\n<meta property=\"og:description\" content=\"Viajes Tauro bietet Ihnen viel mehr als Reiseziele, wir bieten Ihnen jederzeit, was ist Actualidad, was ist Inn. Vertrauen Sie unserem Kriterium des guten Reisenden\" \/>\n<meta property=\"og:url\" content=\"https:\/\/www.viajestauro.com\/de\/touristische-dienstleistungen\/staedtereisen\/\" \/>\n<meta property=\"og:site_name\" content=\"Viajes Tauro\" \/>\n<meta property=\"article:modified_time\" content=\"2018-07-24T09:24:23+00:00\" \/>\n<meta name=\"twitter:card\" content=\"summary_large_image\" \/>\n<meta name=\"twitter:label1\" content=\"Gesch\u00e4tzte Lesezeit\" \/>\n\t<meta name=\"twitter:data1\" content=\"5\u00a0Minuten\" \/>\n<script type=\"application\/ld+json\" class=\"yoast-schema-graph\">{\"@context\":\"https:\/\/schema.org\",\"@graph\":[{\"@type\":\"WebPage\",\"@id\":\"https:\/\/www.viajestauro.com\/de\/touristische-dienstleistungen\/staedtereisen\/\",\"url\":\"https:\/\/www.viajestauro.com\/de\/touristische-dienstleistungen\/staedtereisen\/\",\"name\":\"St\u00e4dtereisen, wir zeigen Ihnen zu jeder Zeit, was Inn ist- Viajes Tauro\",\"isPartOf\":{\"@id\":\"https:\/\/www.viajestauro.com\/de\/#website\"},\"datePublished\":\"2018-04-26T11:04:00+00:00\",\"dateModified\":\"2018-07-24T09:24:23+00:00\",\"description\":\"Viajes Tauro bietet Ihnen viel mehr als Reiseziele, wir bieten Ihnen jederzeit, was ist Actualidad, was ist Inn. Vertrauen Sie unserem Kriterium des guten Reisenden\",\"breadcrumb\":{\"@id\":\"https:\/\/www.viajestauro.com\/de\/touristische-dienstleistungen\/staedtereisen\/#breadcrumb\"},\"inLanguage\":\"de\",\"potentialAction\":[{\"@type\":\"ReadAction\",\"target\":[\"https:\/\/www.viajestauro.com\/de\/touristische-dienstleistungen\/staedtereisen\/\"]}]},{\"@type\":\"BreadcrumbList\",\"@id\":\"https:\/\/www.viajestauro.com\/de\/touristische-dienstleistungen\/staedtereisen\/#breadcrumb\",\"itemListElement\":[{\"@type\":\"ListItem\",\"position\":1,\"name\":\"Portada\",\"item\":\"https:\/\/www.viajestauro.com\/de\/\"},{\"@type\":\"ListItem\",\"position\":2,\"name\":\"Touristische Dienstleistungen\",\"item\":\"https:\/\/www.viajestauro.com\/de\/touristische-dienstleistungen\/\"},{\"@type\":\"ListItem\",\"position\":3,\"name\":\"St\u00e4dtereisen\"}]},{\"@type\":\"WebSite\",\"@id\":\"https:\/\/www.viajestauro.com\/de\/#website\",\"url\":\"https:\/\/www.viajestauro.com\/de\/\",\"name\":\"Viajes Tauro\",\"description\":\"Agencia de viajes\",\"publisher\":{\"@id\":\"https:\/\/www.viajestauro.com\/de\/#organization\"},\"potentialAction\":[{\"@type\":\"SearchAction\",\"target\":{\"@type\":\"EntryPoint\",\"urlTemplate\":\"https:\/\/www.viajestauro.com\/de\/?s={search_term_string}\"},\"query-input\":{\"@type\":\"PropertyValueSpecification\",\"valueRequired\":true,\"valueName\":\"search_term_string\"}}],\"inLanguage\":\"de\"},{\"@type\":\"Organization\",\"@id\":\"https:\/\/www.viajestauro.com\/de\/#organization\",\"name\":\"Viajes Tauro, S.L.\",\"url\":\"https:\/\/www.viajestauro.com\/de\/\",\"logo\":{\"@type\":\"ImageObject\",\"inLanguage\":\"de\",\"@id\":\"https:\/\/www.viajestauro.com\/de\/#\/schema\/logo\/image\/\",\"url\":\"https:\/\/www.viajestauro.com\/wp-content\/uploads\/2018\/07\/logo-web-h80.png\",\"contentUrl\":\"https:\/\/www.viajestauro.com\/wp-content\/uploads\/2018\/07\/logo-web-h80.png\",\"width\":356,\"height\":80,\"caption\":\"Viajes Tauro, S.L.\"},\"image\":{\"@id\":\"https:\/\/www.viajestauro.com\/de\/#\/schema\/logo\/image\/\"}}]}<\/script>\n<!-- \/ Yoast SEO plugin. -->","yoast_head_json":{"title":"St\u00e4dtereisen, wir zeigen Ihnen zu jeder Zeit, was Inn ist- Viajes Tauro","description":"Viajes Tauro bietet Ihnen viel mehr als Reiseziele, wir bieten Ihnen jederzeit, was ist Actualidad, was ist Inn. Vertrauen Sie unserem Kriterium des guten Reisenden","robots":{"index":"index","follow":"follow","max-snippet":"max-snippet:-1","max-image-preview":"max-image-preview:large","max-video-preview":"max-video-preview:-1"},"canonical":"https:\/\/www.viajestauro.com\/de\/touristische-dienstleistungen\/staedtereisen\/","og_locale":"de_DE","og_type":"article","og_title":"St\u00e4dtereisen, wir zeigen Ihnen zu jeder Zeit, was Inn ist- Viajes Tauro","og_description":"Viajes Tauro bietet Ihnen viel mehr als Reiseziele, wir bieten Ihnen jederzeit, was ist Actualidad, was ist Inn. Vertrauen Sie unserem Kriterium des guten Reisenden","og_url":"https:\/\/www.viajestauro.com\/de\/touristische-dienstleistungen\/staedtereisen\/","og_site_name":"Viajes Tauro","article_modified_time":"2018-07-24T09:24:23+00:00","twitter_card":"summary_large_image","twitter_misc":{"Gesch\u00e4tzte Lesezeit":"5\u00a0Minuten"},"schema":{"@context":"https:\/\/schema.org","@graph":[{"@type":"WebPage","@id":"https:\/\/www.viajestauro.com\/de\/touristische-dienstleistungen\/staedtereisen\/","url":"https:\/\/www.viajestauro.com\/de\/touristische-dienstleistungen\/staedtereisen\/","name":"St\u00e4dtereisen, wir zeigen Ihnen zu jeder Zeit, was Inn ist- Viajes Tauro","isPartOf":{"@id":"https:\/\/www.viajestauro.com\/de\/#website"},"datePublished":"2018-04-26T11:04:00+00:00","dateModified":"2018-07-24T09:24:23+00:00","description":"Viajes Tauro bietet Ihnen viel mehr als Reiseziele, wir bieten Ihnen jederzeit, was ist Actualidad, was ist Inn. Vertrauen Sie unserem Kriterium des guten Reisenden","breadcrumb":{"@id":"https:\/\/www.viajestauro.com\/de\/touristische-dienstleistungen\/staedtereisen\/#breadcrumb"},"inLanguage":"de","potentialAction":[{"@type":"ReadAction","target":["https:\/\/www.viajestauro.com\/de\/touristische-dienstleistungen\/staedtereisen\/"]}]},{"@type":"BreadcrumbList","@id":"https:\/\/www.viajestauro.com\/de\/touristische-dienstleistungen\/staedtereisen\/#breadcrumb","itemListElement":[{"@type":"ListItem","position":1,"name":"Portada","item":"https:\/\/www.viajestauro.com\/de\/"},{"@type":"ListItem","position":2,"name":"Touristische Dienstleistungen","item":"https:\/\/www.viajestauro.com\/de\/touristische-dienstleistungen\/"},{"@type":"ListItem","position":3,"name":"St\u00e4dtereisen"}]},{"@type":"WebSite","@id":"https:\/\/www.viajestauro.com\/de\/#website","url":"https:\/\/www.viajestauro.com\/de\/","name":"Viajes Tauro","description":"Agencia de viajes","publisher":{"@id":"https:\/\/www.viajestauro.com\/de\/#organization"},"potentialAction":[{"@type":"SearchAction","target":{"@type":"EntryPoint","urlTemplate":"https:\/\/www.viajestauro.com\/de\/?s={search_term_string}"},"query-input":{"@type":"PropertyValueSpecification","valueRequired":true,"valueName":"search_term_string"}}],"inLanguage":"de"},{"@type":"Organization","@id":"https:\/\/www.viajestauro.com\/de\/#organization","name":"Viajes Tauro, S.L.","url":"https:\/\/www.viajestauro.com\/de\/","logo":{"@type":"ImageObject","inLanguage":"de","@id":"https:\/\/www.viajestauro.com\/de\/#\/schema\/logo\/image\/","url":"https:\/\/www.viajestauro.com\/wp-content\/uploads\/2018\/07\/logo-web-h80.png","contentUrl":"https:\/\/www.viajestauro.com\/wp-content\/uploads\/2018\/07\/logo-web-h80.png","width":356,"height":80,"caption":"Viajes Tauro, S.L."},"image":{"@id":"https:\/\/www.viajestauro.com\/de\/#\/schema\/logo\/image\/"}}]}},"_links":{"self":[{"href":"https:\/\/www.viajestauro.com\/de\/wp-json\/wp\/v2\/pages\/1588","targetHints":{"allow":["GET"]}}],"collection":[{"href":"https:\/\/www.viajestauro.com\/de\/wp-json\/wp\/v2\/pages"}],"about":[{"href":"https:\/\/www.viajestauro.com\/de\/wp-json\/wp\/v2\/types\/page"}],"author":[{"embeddable":true,"href":"https:\/\/www.viajestauro.com\/de\/wp-json\/wp\/v2\/users\/1"}],"replies":[{"embeddable":true,"href":"https:\/\/www.viajestauro.com\/de\/wp-json\/wp\/v2\/comments?post=1588"}],"version-history":[{"count":0,"href":"https:\/\/www.viajestauro.com\/de\/wp-json\/wp\/v2\/pages\/1588\/revisions"}],"up":[{"embeddable":true,"href":"https:\/\/www.viajestauro.com\/de\/wp-json\/wp\/v2\/pages\/1614"}],"wp:attachment":[{"href":"https:\/\/www.viajestauro.com\/de\/wp-json\/wp\/v2\/media?parent=1588"}],"curies":[{"name":"wp","href":"https:\/\/api.w.org\/{rel}","templated":true}]}}