{"id":1810,"date":"2018-04-26T11:15:45","date_gmt":"2018-04-26T11:15:45","guid":{"rendered":"https:\/\/www.viajestauro.com\/contactar\/"},"modified":"2025-01-10T16:52:41","modified_gmt":"2025-01-10T15:52:41","slug":"contacter","status":"publish","type":"page","link":"https:\/\/www.viajestauro.com\/fr\/contacter\/","title":{"rendered":"Contacter"},"content":{"rendered":"<div class=\"wpb-content-wrapper\"><p>[vc_row equal_height=\u00a0\u00bbyes\u00a0\u00bb content_placement=\u00a0\u00bbmiddle\u00a0\u00bb type=\u00a0\u00bbvc_default\u00a0\u00bb margin_top=\u00a0\u00bb-50&Prime; anchor=\u00a0\u00bbabout\u00a0\u00bb css=\u00a0\u00bb.vc_custom_1524641712343{padding-top: 90px !important;padding-bottom: 90px !important;}\u00a0\u00bb][vc_column]<div id=\"ultimate-heading-721169f47e7b77810\" class=\"uvc-heading ult-adjust-bottom-margin ultimate-heading-721169f47e7b77810 uvc-8763 accent-border-color accent-subtitle-color\" data-hspacer=\"no_spacer\"  data-halign=\"left\" style=\"text-align:left\"><div class=\"uvc-heading-spacer no_spacer\" style=\"top\"><\/div><div class=\"uvc-main-heading ult-responsive\"  data-ultimate-target='.uvc-heading.ultimate-heading-721169f47e7b77810 h2'  data-responsive-json-new='{\"font-size\":\"desktop:40px;tablet_portrait:40px;\",\"line-height\":\"desktop:50px;tablet_portrait:50px;\"}' ><h2 style=\"font-weight:bold;margin-bottom:30px;\">CONTACT<\/h2><\/div><div class=\"uvc-sub-heading ult-responsive\"  data-ultimate-target='.uvc-heading.ultimate-heading-721169f47e7b77810 .uvc-sub-heading '  data-responsive-json-new='{\"font-size\":\"desktop:26px;\",\"line-height\":\"desktop:38px;\"}'  style=\"font-weight:700;color:#ffffff;margin-bottom:35px;\"><\/p>\n<h3><span style=\"color: #0991ba;\">Nous sommes \u00e0 votre disposition, faites-nous confiance et commencez \u00e0 profiter des voyages qui vous attendent.<\/span><\/h3>\n<p><\/div><\/div>[vc_column_text css=\u00a0\u00bb.vc_custom_1531391369952{padding-bottom: 40px !important;}\u00a0\u00bb]Contactez Viajes Tauro, mettez vos r\u00eaves entre nos mains et vous d\u00e9couvrirez tout ce que nous pouvons faire pour vous. Demandez-nous toutes vos questions et nous vous r\u00e9pondrons dans les plus brefs d\u00e9lais.[\/vc_column_text][vc_row_inner equal_height=\u00a0\u00bbyes\u00a0\u00bb][vc_column_inner width=\u00a0\u00bb1\/3&Prime; css=\u00a0\u00bb.vc_custom_1492529733683{padding-bottom: 20px !important;}\u00a0\u00bb]<div class=\"aio-icon-component  vc_custom_1582545195617  accent-icon-bg style_1\"><div id=\"Info-box-wrap-5019\" class=\"aio-icon-box left-icon\" style=\"\"  ><div class=\"aio-icon-left\"><div class=\"ult-just-icon-wrapper  \"><div class=\"align-icon\" style=\"text-align:center;\">\n<div class=\"aio-icon advanced \"  style=\"color:#ffffff;border-style:;border-color:#333333;border-width:1px;width:60px;height:60px;line-height:60px;border-radius:500px;font-size:24px;display:inline-block;\">\n\t<i class=\"Defaults-clock-o\"><\/i>\n<\/div><\/div><\/div><\/div><div class=\"aio-ibd-block\"><div class=\"aio-icon-header\" ><h3 class=\"aio-icon-title ult-responsive\"  data-ultimate-target='#Info-box-wrap-5019 .aio-icon-title'  data-responsive-json-new='{\"font-size\":\"desktop:22px;\",\"line-height\":\"desktop:32px;\"}'  style=\"font-weight:bold;\">Calendrier<\/h3><\/div> <!-- header --><div class=\"aio-icon-description ult-responsive\"  data-ultimate-target='#Info-box-wrap-5019 .aio-icon-description'  data-responsive-json-new='{\"font-size\":\"desktop:14px;\",\"line-height\":\"desktop:26px;\"}'  style=\"\">Lundi <span lang=\"FR\">\u2013 Vendredi<\/span> 9:00 &#8211; 14:00 \/ 16:00 &#8211; 20:00<\/div> <!-- description --><\/div> <!-- aio-ibd-block --><\/div> <!-- aio-icon-box --><\/div> <!-- aio-icon-component -->[\/vc_column_inner][vc_column_inner width=\u00a0\u00bb1\/3&Prime; css=\u00a0\u00bb.vc_custom_1492535210905{padding-bottom: 20px !important;}\u00a0\u00bb]<div class=\"aio-icon-component  vc_custom_1530204708366  accent-icon-bg style_1\"><div id=\"Info-box-wrap-8836\" class=\"aio-icon-box left-icon\" style=\"\"  ><div class=\"aio-icon-left\"><div class=\"ult-just-icon-wrapper  \"><div class=\"align-icon\" style=\"text-align:center;\">\n<div class=\"aio-icon advanced \"  style=\"color:#ffffff;border-style:;border-color:#333333;border-width:1px;width:60px;height:60px;line-height:60px;border-radius:500px;font-size:24px;display:inline-block;\">\n\t<i class=\"Defaults-envelope-o\"><\/i>\n<\/div><\/div><\/div><\/div><div class=\"aio-ibd-block\"><div class=\"aio-icon-header\" ><h3 class=\"aio-icon-title ult-responsive\"  data-ultimate-target='#Info-box-wrap-8836 .aio-icon-title'  data-responsive-json-new='{\"font-size\":\"desktop:22px;\",\"line-height\":\"desktop:32px;\"}'  style=\"font-weight:bold;\">E-mail<\/h3><\/div> <!-- header --><div class=\"aio-icon-description ult-responsive\"  data-ultimate-target='#Info-box-wrap-8836 .aio-icon-description'  data-responsive-json-new='{\"font-size\":\"desktop:14px;\",\"line-height\":\"desktop:26px;\"}'  style=\"\">info@viajestauro.com<\/div> <!-- description --><\/div> <!-- aio-ibd-block --><\/div> <!-- aio-icon-box --><\/div> <!-- aio-icon-component -->[\/vc_column_inner][vc_column_inner width=\u00a0\u00bb1\/3&Prime; css=\u00a0\u00bb.vc_custom_1492530358895{padding-bottom: 20px !important;}\u00a0\u00bb]<div class=\"aio-icon-component  vc_custom_1531391521447  accent-icon-bg style_1\"><div id=\"Info-box-wrap-3743\" class=\"aio-icon-box left-icon\" style=\"\"  ><div class=\"aio-icon-left\"><div class=\"ult-just-icon-wrapper  \"><div class=\"align-icon\" style=\"text-align:center;\">\n<div class=\"aio-icon advanced \"  style=\"color:#ffffff;border-style:;border-color:#333333;border-width:1px;width:60px;height:60px;line-height:60px;border-radius:500px;font-size:24px;display:inline-block;\">\n\t<i class=\"Defaults-phone\"><\/i>\n<\/div><\/div><\/div><\/div><div class=\"aio-ibd-block\"><div class=\"aio-icon-header\" ><h3 class=\"aio-icon-title ult-responsive\"  data-ultimate-target='#Info-box-wrap-3743 .aio-icon-title'  data-responsive-json-new='{\"font-size\":\"desktop:22px;\",\"line-height\":\"desktop:32px;\"}'  style=\"font-weight:bold;\">T\u00e9l\u00e9phono<\/h3><\/div> <!-- header --><div class=\"aio-icon-description ult-responsive\"  data-ultimate-target='#Info-box-wrap-3743 .aio-icon-description'  data-responsive-json-new='{\"font-size\":\"desktop:14px;\",\"line-height\":\"desktop:26px;\"}'  style=\"\">+34 93 769 06 55<\/div> <!-- description --><\/div> <!-- aio-ibd-block --><\/div> <!-- aio-icon-box --><\/div> <!-- aio-icon-component -->[\/vc_column_inner][\/vc_row_inner][\/vc_column][\/vc_row][vc_row full_width=\u00a0\u00bbstretch_row_content_no_spaces\u00a0\u00bb disable_element=\u00a0\u00bbyes\u00a0\u00bb css=\u00a0\u00bb.vc_custom_1736524358484{margin-bottom: 0px !important;padding-bottom: 0px !important;}\u00a0\u00bb bb_tab_container=\u00a0\u00bb\u00a0\u00bb][vc_column]<div id=\"highlight-box-wrap-2090\"  data-ultimate-target='#highlight-box-wrap-2090'  data-responsive-json-new='{\"font-size\":\"desktop:20px;\",\"line-height\":\"\"}'  class=\"ultimate-call-to-action ult-adjust-bottom-margin  ctaction-text-center ult-responsive\" style=\"font-family:Open Sans;font-weight:normal;color:#ffffff;background:#1b91b8;padding-top:20px;padding-bottom:20px;margin:0px;\"  data-background=\"#1b91b8\"  data-background-hover=\"#1e73be\"  data-override=\"0\" ><div class=\"uvc-ctaction-data uvc-ctaction-data-no-effect ult-responsive\">T\u00e9l\u00e9chargez ici notre catalogue 2018\/2019<\/div><a class=\"ulimate-call-to-action-link\" href=\"https:\/\/www.viajestauro.com\/catalogs-2019\/viajes-tauro-2019-fr.pdf\" target=\"_blank\" rel=\"noopener\" ><\/a><\/div>[\/vc_column][\/vc_row][vc_row full_width=\u00a0\u00bbstretch_row\u00a0\u00bb bg_type=\u00a0\u00bbimage\u00a0\u00bb parallax_style=\u00a0\u00bbvcpb-vz-jquery\u00a0\u00bb bg_image_new=\u00a0\u00bbid^628|url^https:\/\/viajestauro.com\/wp-content\/uploads\/2016\/02\/tr-005.jpg|caption^null|alt^null|title^tr-005|description^null\u00a0\u00bb enable_overlay=\u00a0\u00bbenable_overlay_value\u00a0\u00bb overlay_color=\u00a0\u00bbrgba(12,12,12,0.75)\u00a0\u00bb css=\u00a0\u00bb.vc_custom_1530204168083{border-top-width: 3px !important;padding-top: 40px !important;padding-bottom: 40px !important;border-top-color: #1b91b8 !important;border-top-style: solid !important;}\u00a0\u00bb][vc_column]<div id=\"ultimate-heading-731269f47e7b78442\" class=\"uvc-heading ult-adjust-bottom-margin ultimate-heading-731269f47e7b78442 uvc-898 accent-border-color accent-subtitle-color\" data-hspacer=\"no_spacer\"  data-halign=\"left\" style=\"text-align:left\"><div class=\"uvc-heading-spacer no_spacer\" style=\"top\"><\/div><div class=\"uvc-main-heading ult-responsive\"  data-ultimate-target='.uvc-heading.ultimate-heading-731269f47e7b78442 h2'  data-responsive-json-new='{\"font-size\":\"desktop:45px;tablet_portrait:40px;\",\"line-height\":\"desktop:55px;tablet_portrait:50px;\"}' ><h2 style=\"font-weight:normal;color:#ffffff;margin-bottom:30px;\">Contactez nous<\/h2><\/div><div class=\"uvc-sub-heading ult-responsive\"  data-ultimate-target='.uvc-heading.ultimate-heading-731269f47e7b78442 .uvc-sub-heading '  data-responsive-json-new='{\"font-size\":\"desktop:26px;\",\"line-height\":\"desktop:38px;\"}'  style=\"font-weight:700;color:#ffffff;margin-bottom:35px;\"><\/p>\n<h3><span style=\"color: #6bbdd5;\">Remplissez notre formulaire de contact et nous reviendrons vers vous d\u00e8s que possible.<\/span><\/h3>\n<p><\/div><\/div>[vc_column_text]<div class=\"frm_forms  with_frm_style frm_style_formidable-style\" id=\"frm_form_9_container\" >\n<form enctype=\"multipart\/form-data\" method=\"post\" class=\"frm-show-form  frm_ajax_submit  frm_pro_form \" id=\"form_contact-form4\" >\n<div class=\"frm_form_fields \">\n<fieldset>\n<legend class=\"frm_screen_reader\">Contactar - FR<\/legend>\r\n\r\n<div class=\"frm_fields_container\">\n<input type=\"hidden\" name=\"frm_action\" value=\"create\" \/>\n<input type=\"hidden\" name=\"form_id\" value=\"9\" \/>\n<input type=\"hidden\" name=\"frm_hide_fields_9\" id=\"frm_hide_fields_9\" value=\"\" \/>\n<input type=\"hidden\" name=\"form_key\" value=\"contact-form4\" \/>\n<input type=\"hidden\" name=\"item_meta[0]\" value=\"\" \/>\n<input type=\"hidden\" id=\"frm_submit_entry_9\" name=\"frm_submit_entry_9\" value=\"abe76cb324\" \/><input type=\"hidden\" name=\"_wp_http_referer\" value=\"\/fr\/wp-json\/wp\/v2\/pages\/1810\" \/><div id=\"frm_field_88_container\" class=\"frm_form_field form-field  frm_required_field frm_top_container frm_full\">\r\n    <label for=\"field_qh4icy6\" class=\"frm_primary_label\">Nom\r\n        <span class=\"frm_required\">*<\/span>\r\n    <\/label>\r\n    <input type=\"text\" id=\"field_qh4icy6\" name=\"item_meta[88]\" value=\"\"  data-reqmsg=\"Este campo no puede estar en blanco.\" aria-required=\"true\" data-invmsg=\"Name no es v\u00e1lido\" aria-invalid=\"false\"  \/>\r\n    \r\n    \r\n<\/div>\n<div id=\"frm_field_89_container\" class=\"frm_form_field form-field  frm_required_field frm_top_container frm_full\">\r\n    <label for=\"field_29yf4d6\" class=\"frm_primary_label\">Email\r\n        <span class=\"frm_required\">*<\/span>\r\n    <\/label>\r\n    <input type=\"email\" id=\"field_29yf4d6\" name=\"item_meta[89]\" value=\"\"  data-reqmsg=\"Este campo no puede estar en blanco.\" aria-required=\"true\" data-invmsg=\"Please enter a valid email address\" aria-invalid=\"false\"  \/>\r\n    \r\n    \r\n<\/div>\n<div id=\"frm_field_90_container\" class=\"frm_form_field form-field  frm_required_field frm_top_container frm_full\">\r\n    <label for=\"field_u8sy5\" class=\"frm_primary_label\">T\u00e9l\u00e9phone\r\n        <span class=\"frm_required\">*<\/span>\r\n    <\/label>\r\n    <input type=\"tel\" id=\"field_u8sy5\" name=\"item_meta[90]\" value=\"\"  data-reqmsg=\"Este campo no puede estar en blanco.\" aria-required=\"true\" data-invmsg=\"Phone no es v\u00e1lido\" aria-invalid=\"false\" pattern=\"((\\+\\d{1,3}(-|.| )?\\(?\\d\\)?(-| |.)?\\d{1,5})|(\\(?\\d{2,6}\\)?))(-|.| )?(\\d{3,4})(-|.| )?(\\d{4})(( x| ext)\\d{1,5}){0,1}$\"  \/>\r\n    \r\n    \r\n<\/div>\n<div id=\"frm_field_91_container\" class=\"frm_form_field form-field  frm_required_field frm_top_container frm_full\">\r\n    <label for=\"field_9jv0r16\" class=\"frm_primary_label\">Message\r\n        <span class=\"frm_required\">*<\/span>\r\n    <\/label>\r\n    <textarea name=\"item_meta[91]\" id=\"field_9jv0r16\" rows=\"5\"  data-reqmsg=\"Este campo no puede estar en blanco.\" aria-required=\"true\" data-invmsg=\"Message est non valide\" aria-invalid=\"false\"  ><\/textarea>\r\n    \r\n    \r\n<\/div>\n<div id=\"frm_field_92_container\" class=\"frm_form_field form-field  frm_required_field frm_none_container vertical_radio\">\r\n    <label for=\"field_f9cuk5\" class=\"frm_primary_label\">Aceptaci\u00f3n LOPD - RGPD\r\n        <span class=\"frm_required\">*<\/span>\r\n    <\/label>\r\n    <div class=\"frm_opt_container\">\t\t<div class=\"frm_checkbox\" id=\"frm_checkbox_92-0\">\t\t\t<label  for=\"field_f9cuk5-0\">\n\t\t\t<input type=\"checkbox\" name=\"item_meta[92][]\" id=\"field_f9cuk5-0\" value=\"Je lis et accepte la politique de confidentialit\u00e9 et de protection des donn\u00e9es.\"  data-reqmsg=\"Este campo no puede estar en blanco.\" data-invmsg=\"Aceptaci\u00f3n LOPD - RGPD est non valide\"   aria-required=\"true\"  \/> Je lis et accepte la politique de confidentialit\u00e9 et de protection des donn\u00e9es.<\/label><\/div>\n<\/div>\r\n    \r\n    \r\n<\/div>\n<div id=\"frm_field_93_container\" class=\"frm_form_field form-field  frm_none_container\">\r\n    <label  class=\"frm_primary_label\">reCAPTCHA\r\n        <span class=\"frm_required\"><\/span>\r\n    <\/label>\r\n    <div  id=\"field_5k0ru5\" class=\"g-recaptcha\" data-sitekey=\"6LdyYWEUAAAAAJcSdfPk3DLCehK-oKFxvTW1eTUl\" data-size=\"normal\" data-theme=\"light\"><\/div>\r\n    \r\n    \r\n<\/div>\n\t<input type=\"hidden\" name=\"item_key\" value=\"\" \/>\n\t\t\t<div id=\"frm_field_94_container\">\n\t\t\t<label for=\"field_5tbak\" >\n\t\t\t\tSi vous \u00eates un humain, ne remplissez pas ce champ.\t\t\t<\/label>\n\t\t\t<input  id=\"field_5tbak\" type=\"text\" class=\"frm_form_field form-field frm_verify\" name=\"item_meta[94]\" value=\"\"  \/>\n\t\t<\/div>\n\t\t<input name=\"frm_state\" type=\"hidden\" value=\"dmx+aqDb6KXxCy0e7HOgELD6kcSObuAJ9\/MUFnjFzaocMwieUvU7wmpjZQvxiPXA\" \/><div class=\"frm_submit\">\r\n\r\n<button class=\"frm_button_submit frm_final_submit\" type=\"submit\"   formnovalidate=\"formnovalidate\">Envoyer<\/button>\r\n\r\n<\/div><\/div>\n<\/fieldset>\n<\/div>\n\n<\/form>\n<\/div>\n[\/vc_column_text]<div class=\" uavc-icons-center uavc-icons \">\n<a class=\"aio-tooltip 69f47e7b9598f\" href=\"http:\/\/themeforest.net\/item\/the7-responsive-multipurpose-wordpress-theme\/5556590?ref=Dream-Theme\" target=\"_blank\" rel=\"noopener\"  data-toggle=\"tooltip\" data-placement=\"top\" title=\"Facebook\"><div class=\"aio-icon circle \" data-animation=\"\" data-animation-delay=\"03\" style=\"color:#ffffff;background:#3d5ccc;font-size:24px;margin-right:5px;\">\n\t<i class=\"icomoon-font-awesome-14x14-facebook-official\"><\/i>\n<\/div><\/a>\n<a class=\"aio-tooltip 69f47e7b959fe\" href=\"http:\/\/themeforest.net\/item\/the7-responsive-multipurpose-wordpress-theme\/5556590?ref=Dream-Theme\" target=\"_blank\" rel=\"noopener\"  data-toggle=\"tooltip\" data-placement=\"top\" title=\"Twitter\"><div class=\"aio-icon circle \" data-animation=\"\" data-animation-delay=\"03\" style=\"color:#ffffff;background:#26b8d6;font-size:24px;margin-right:5px;\">\n\t<i class=\"icomoon-font-awesome-14x14-twitter-square\"><\/i>\n<\/div><\/a>\n<a class=\"aio-tooltip 69f47e7b95a5d\" href=\"http:\/\/themeforest.net\/item\/the7-responsive-multipurpose-wordpress-theme\/5556590?ref=Dream-Theme\" target=\"_blank\" rel=\"noopener\"  data-toggle=\"tooltip\" data-placement=\"top\" title=\"Instagram\"><div class=\"aio-icon circle \" data-animation=\"\" data-animation-delay=\"03\" style=\"color:#ffffff;background:#b42ccc;font-size:24px;margin-right:5px;\">\n\t<i class=\"icomoon-font-awesome-14x14-instagram\"><\/i>\n<\/div><\/a>\n<a class=\"aio-tooltip 69f47e7b95aa9\" href=\"http:\/\/themeforest.net\/item\/the7-responsive-multipurpose-wordpress-theme\/5556590?ref=Dream-Theme\" target=\"_blank\" rel=\"noopener\"  data-toggle=\"tooltip\" data-placement=\"top\" title=\"YouTube\"><div class=\"aio-icon circle \" data-animation=\"\" data-animation-delay=\"03\" style=\"color:#ffffff;background:#cc2e2e;font-size:24px;margin-right:5px;\">\n\t<i class=\"icomoon-font-awesome-14x14-youtube-square\"><\/i>\n<\/div><\/a><\/div>[\/vc_column][\/vc_row]<\/p>\n<\/div>","protected":false},"excerpt":{"rendered":"<p>[vc_row equal_height=\u00a0\u00bbyes\u00a0\u00bb content_placement=\u00a0\u00bbmiddle\u00a0\u00bb type=\u00a0\u00bbvc_default\u00a0\u00bb margin_top=\u00a0\u00bb-50&Prime; anchor=\u00a0\u00bbabout\u00a0\u00bb css=\u00a0\u00bb.vc_custom_1524641712343{padding-top: 90px !important;padding-bottom: 90px !important;}\u00a0\u00bb][vc_column][vc_column_text css=\u00a0\u00bb.vc_custom_1531391369952{padding-bottom: 40px !important;}\u00a0\u00bb]Contactez Viajes Tauro, mettez vos r\u00eaves entre nos mains et vous d\u00e9couvrirez tout ce que nous pouvons faire pour vous. Demandez-nous toutes vos questions et nous vous r\u00e9pondrons dans les plus brefs d\u00e9lais.[\/vc_column_text][vc_row_inner equal_height=\u00a0\u00bbyes\u00a0\u00bb][vc_column_inner width=\u00a0\u00bb1\/3&Prime; css=\u00a0\u00bb.vc_custom_1492529733683{padding-bottom: 20px !important;}\u00a0\u00bb][\/vc_column_inner][vc_column_inner width=\u00a0\u00bb1\/3&Prime; css=\u00a0\u00bb.vc_custom_1492535210905{padding-bottom: 20px !important;}\u00a0\u00bb][\/vc_column_inner][vc_column_inner&hellip;<\/p>\n","protected":false},"author":1,"featured_media":0,"parent":0,"menu_order":10,"comment_status":"closed","ping_status":"closed","template":"template-microsite.php","meta":{"footnotes":""},"class_list":["post-1810","page","type-page","status-publish","hentry","description-off"],"yoast_head":"<!-- This site is optimized with the Yoast SEO plugin v27.0 - https:\/\/yoast.com\/product\/yoast-seo-wordpress\/ -->\n<title>Contact, nous organisons des voyages personnalis\u00e9s - Viajes Tauro<\/title>\n<meta name=\"description\" content=\"Contactez-nous et nous nous mettrons au travail pour vous offrir toutes nos connaissances touristiques du monde. Nous organisons des voyages adapt\u00e9s \u00e0 vos souhaits.\" \/>\n<meta name=\"robots\" content=\"index, follow, max-snippet:-1, max-image-preview:large, max-video-preview:-1\" \/>\n<link rel=\"canonical\" href=\"https:\/\/www.viajestauro.com\/fr\/contacter\/\" \/>\n<meta property=\"og:locale\" content=\"fr_FR\" \/>\n<meta property=\"og:type\" content=\"article\" \/>\n<meta property=\"og:title\" content=\"Contact, nous organisons des voyages personnalis\u00e9s - Viajes Tauro\" \/>\n<meta property=\"og:description\" content=\"Contactez-nous et nous nous mettrons au travail pour vous offrir toutes nos connaissances touristiques du monde. Nous organisons des voyages adapt\u00e9s \u00e0 vos souhaits.\" \/>\n<meta property=\"og:url\" content=\"https:\/\/www.viajestauro.com\/fr\/contacter\/\" \/>\n<meta property=\"og:site_name\" content=\"Viajes Tauro\" \/>\n<meta property=\"article:modified_time\" content=\"2025-01-10T15:52:41+00:00\" \/>\n<meta name=\"twitter:card\" content=\"summary_large_image\" \/>\n<meta name=\"twitter:label1\" content=\"Dur\u00e9e de lecture estim\u00e9e\" \/>\n\t<meta name=\"twitter:data1\" content=\"2 minutes\" \/>\n<script type=\"application\/ld+json\" class=\"yoast-schema-graph\">{\"@context\":\"https:\/\/schema.org\",\"@graph\":[{\"@type\":\"WebPage\",\"@id\":\"https:\/\/www.viajestauro.com\/fr\/contacter\/\",\"url\":\"https:\/\/www.viajestauro.com\/fr\/contacter\/\",\"name\":\"Contact, nous organisons des voyages personnalis\u00e9s - Viajes Tauro\",\"isPartOf\":{\"@id\":\"https:\/\/www.viajestauro.com\/fr\/#website\"},\"datePublished\":\"2018-04-26T11:15:45+00:00\",\"dateModified\":\"2025-01-10T15:52:41+00:00\",\"description\":\"Contactez-nous et nous nous mettrons au travail pour vous offrir toutes nos connaissances touristiques du monde. Nous organisons des voyages adapt\u00e9s \u00e0 vos souhaits.\",\"breadcrumb\":{\"@id\":\"https:\/\/www.viajestauro.com\/fr\/contacter\/#breadcrumb\"},\"inLanguage\":\"fr-FR\",\"potentialAction\":[{\"@type\":\"ReadAction\",\"target\":[\"https:\/\/www.viajestauro.com\/fr\/contacter\/\"]}]},{\"@type\":\"BreadcrumbList\",\"@id\":\"https:\/\/www.viajestauro.com\/fr\/contacter\/#breadcrumb\",\"itemListElement\":[{\"@type\":\"ListItem\",\"position\":1,\"name\":\"Portada\",\"item\":\"https:\/\/www.viajestauro.com\/fr\/\"},{\"@type\":\"ListItem\",\"position\":2,\"name\":\"Contacter\"}]},{\"@type\":\"WebSite\",\"@id\":\"https:\/\/www.viajestauro.com\/fr\/#website\",\"url\":\"https:\/\/www.viajestauro.com\/fr\/\",\"name\":\"Viajes Tauro\",\"description\":\"Agencia de viajes\",\"publisher\":{\"@id\":\"https:\/\/www.viajestauro.com\/fr\/#organization\"},\"potentialAction\":[{\"@type\":\"SearchAction\",\"target\":{\"@type\":\"EntryPoint\",\"urlTemplate\":\"https:\/\/www.viajestauro.com\/fr\/?s={search_term_string}\"},\"query-input\":{\"@type\":\"PropertyValueSpecification\",\"valueRequired\":true,\"valueName\":\"search_term_string\"}}],\"inLanguage\":\"fr-FR\"},{\"@type\":\"Organization\",\"@id\":\"https:\/\/www.viajestauro.com\/fr\/#organization\",\"name\":\"Viajes Tauro, S.L.\",\"url\":\"https:\/\/www.viajestauro.com\/fr\/\",\"logo\":{\"@type\":\"ImageObject\",\"inLanguage\":\"fr-FR\",\"@id\":\"https:\/\/www.viajestauro.com\/fr\/#\/schema\/logo\/image\/\",\"url\":\"https:\/\/www.viajestauro.com\/wp-content\/uploads\/2018\/07\/logo-web-h80.png\",\"contentUrl\":\"https:\/\/www.viajestauro.com\/wp-content\/uploads\/2018\/07\/logo-web-h80.png\",\"width\":356,\"height\":80,\"caption\":\"Viajes Tauro, S.L.\"},\"image\":{\"@id\":\"https:\/\/www.viajestauro.com\/fr\/#\/schema\/logo\/image\/\"}}]}<\/script>\n<!-- \/ Yoast SEO plugin. -->","yoast_head_json":{"title":"Contact, nous organisons des voyages personnalis\u00e9s - Viajes Tauro","description":"Contactez-nous et nous nous mettrons au travail pour vous offrir toutes nos connaissances touristiques du monde. Nous organisons des voyages adapt\u00e9s \u00e0 vos souhaits.","robots":{"index":"index","follow":"follow","max-snippet":"max-snippet:-1","max-image-preview":"max-image-preview:large","max-video-preview":"max-video-preview:-1"},"canonical":"https:\/\/www.viajestauro.com\/fr\/contacter\/","og_locale":"fr_FR","og_type":"article","og_title":"Contact, nous organisons des voyages personnalis\u00e9s - Viajes Tauro","og_description":"Contactez-nous et nous nous mettrons au travail pour vous offrir toutes nos connaissances touristiques du monde. Nous organisons des voyages adapt\u00e9s \u00e0 vos souhaits.","og_url":"https:\/\/www.viajestauro.com\/fr\/contacter\/","og_site_name":"Viajes Tauro","article_modified_time":"2025-01-10T15:52:41+00:00","twitter_card":"summary_large_image","twitter_misc":{"Dur\u00e9e de lecture estim\u00e9e":"2 minutes"},"schema":{"@context":"https:\/\/schema.org","@graph":[{"@type":"WebPage","@id":"https:\/\/www.viajestauro.com\/fr\/contacter\/","url":"https:\/\/www.viajestauro.com\/fr\/contacter\/","name":"Contact, nous organisons des voyages personnalis\u00e9s - Viajes Tauro","isPartOf":{"@id":"https:\/\/www.viajestauro.com\/fr\/#website"},"datePublished":"2018-04-26T11:15:45+00:00","dateModified":"2025-01-10T15:52:41+00:00","description":"Contactez-nous et nous nous mettrons au travail pour vous offrir toutes nos connaissances touristiques du monde. Nous organisons des voyages adapt\u00e9s \u00e0 vos souhaits.","breadcrumb":{"@id":"https:\/\/www.viajestauro.com\/fr\/contacter\/#breadcrumb"},"inLanguage":"fr-FR","potentialAction":[{"@type":"ReadAction","target":["https:\/\/www.viajestauro.com\/fr\/contacter\/"]}]},{"@type":"BreadcrumbList","@id":"https:\/\/www.viajestauro.com\/fr\/contacter\/#breadcrumb","itemListElement":[{"@type":"ListItem","position":1,"name":"Portada","item":"https:\/\/www.viajestauro.com\/fr\/"},{"@type":"ListItem","position":2,"name":"Contacter"}]},{"@type":"WebSite","@id":"https:\/\/www.viajestauro.com\/fr\/#website","url":"https:\/\/www.viajestauro.com\/fr\/","name":"Viajes Tauro","description":"Agencia de viajes","publisher":{"@id":"https:\/\/www.viajestauro.com\/fr\/#organization"},"potentialAction":[{"@type":"SearchAction","target":{"@type":"EntryPoint","urlTemplate":"https:\/\/www.viajestauro.com\/fr\/?s={search_term_string}"},"query-input":{"@type":"PropertyValueSpecification","valueRequired":true,"valueName":"search_term_string"}}],"inLanguage":"fr-FR"},{"@type":"Organization","@id":"https:\/\/www.viajestauro.com\/fr\/#organization","name":"Viajes Tauro, S.L.","url":"https:\/\/www.viajestauro.com\/fr\/","logo":{"@type":"ImageObject","inLanguage":"fr-FR","@id":"https:\/\/www.viajestauro.com\/fr\/#\/schema\/logo\/image\/","url":"https:\/\/www.viajestauro.com\/wp-content\/uploads\/2018\/07\/logo-web-h80.png","contentUrl":"https:\/\/www.viajestauro.com\/wp-content\/uploads\/2018\/07\/logo-web-h80.png","width":356,"height":80,"caption":"Viajes Tauro, S.L."},"image":{"@id":"https:\/\/www.viajestauro.com\/fr\/#\/schema\/logo\/image\/"}}]}},"_links":{"self":[{"href":"https:\/\/www.viajestauro.com\/fr\/wp-json\/wp\/v2\/pages\/1810","targetHints":{"allow":["GET"]}}],"collection":[{"href":"https:\/\/www.viajestauro.com\/fr\/wp-json\/wp\/v2\/pages"}],"about":[{"href":"https:\/\/www.viajestauro.com\/fr\/wp-json\/wp\/v2\/types\/page"}],"author":[{"embeddable":true,"href":"https:\/\/www.viajestauro.com\/fr\/wp-json\/wp\/v2\/users\/1"}],"replies":[{"embeddable":true,"href":"https:\/\/www.viajestauro.com\/fr\/wp-json\/wp\/v2\/comments?post=1810"}],"version-history":[{"count":0,"href":"https:\/\/www.viajestauro.com\/fr\/wp-json\/wp\/v2\/pages\/1810\/revisions"}],"wp:attachment":[{"href":"https:\/\/www.viajestauro.com\/fr\/wp-json\/wp\/v2\/media?parent=1810"}],"curies":[{"name":"wp","href":"https:\/\/api.w.org\/{rel}","templated":true}]}}