{"id":1853,"date":"2018-04-26T11:04:00","date_gmt":"2018-04-26T11:04:00","guid":{"rendered":"https:\/\/www.viajestauro.com\/services-touristiques\/city-breaks\/"},"modified":"2018-07-24T11:24:18","modified_gmt":"2018-07-24T09:24:18","slug":"city-breaks","status":"publish","type":"page","link":"https:\/\/www.viajestauro.com\/fr\/services-touristiques\/city-breaks\/","title":{"rendered":"City Breaks"},"content":{"rendered":"<div class=\"wpb-content-wrapper\"><p>[vc_row equal_height=\u00a0\u00bbyes\u00a0\u00bb content_placement=\u00a0\u00bbmiddle\u00a0\u00bb type=\u00a0\u00bbvc_default\u00a0\u00bb margin_top=\u00a0\u00bb-50&Prime; anchor=\u00a0\u00bbabout\u00a0\u00bb css=\u00a0\u00bb.vc_custom_1524641712343{padding-top: 90px !important;padding-bottom: 90px !important;}\u00a0\u00bb][vc_column width=\u00a0\u00bb2\/3&Prime; offset=\u00a0\u00bbvc_col-lg-offset-0 vc_col-lg-7 vc_col-md-offset-0 vc_col-md-8&Prime;]<div id=\"ultimate-heading-805069e2b84264819\" class=\"uvc-heading ult-adjust-bottom-margin ultimate-heading-805069e2b84264819 uvc-8444 accent-border-color accent-subtitle-color\" data-hspacer=\"no_spacer\"  data-halign=\"left\" style=\"text-align:left\"><div class=\"uvc-heading-spacer no_spacer\" style=\"top\"><\/div><div class=\"uvc-main-heading ult-responsive\"  data-ultimate-target='.uvc-heading.ultimate-heading-805069e2b84264819 h2'  data-responsive-json-new='{\"font-size\":\"desktop:40px;tablet_portrait:40px;\",\"line-height\":\"desktop:50px;tablet_portrait:50px;\"}' ><h2 style=\"font-weight:bold;margin-bottom:30px;\">CITY BREAKS<\/h2><\/div><div class=\"uvc-sub-heading ult-responsive\"  data-ultimate-target='.uvc-heading.ultimate-heading-805069e2b84264819 .uvc-sub-heading '  data-responsive-json-new='{\"font-size\":\"desktop:26px;\",\"line-height\":\"desktop:38px;\"}'  style=\"font-weight:700;color:#ffffff;margin-bottom:35px;\"><\/p>\n<h3><span style=\"color: #0991ba;\">Week-ends inoubliables, exp\u00e9riences touristiques de courte dur\u00e9e de grande intensit\u00e9!<\/span><\/h3>\n<p><\/div><\/div>[vc_column_text css=\u00a0\u00bb.vc_custom_1531410588247{padding-bottom: 40px !important;}\u00a0\u00bb]D\u00e9couvrez les meilleures escapades en ville avec Viajes Tauro. Toujours sous votre choix, nous \u00e9coutons avec int\u00e9r\u00eat vos pr\u00e9f\u00e9rences et nous \u00e9laborons des programmes touristiques de grande qualit\u00e9 en fonction de vos budget<\/p>\n<p>Viajes Tauro vous offre beaucoup plus que des destinations, nous vous \u00e9laborons des voyages innovants, originaux, ce qu&rsquo;est Actualit\u00e9 \u00e0 chaque instant. Viajes Tauro vous montre tout ce que les autres ne voient pas, nous sommes sp\u00e9cialis\u00e9s dans la recherche d&rsquo;exp\u00e9riences diff\u00e9rentes. Nous cherchons pour chaque City Break, ces rues, ces places, ces lieux uniques de chaque ville que personne n&rsquo;est indiff\u00e9rent. Le secret de notre succ\u00e8s est que VIAJES TAURO, \u00e0 chaque sortie ou City Break que nous faisons, nous vivons le voyage pour v\u00e9rifier et retravailler chaque voyage avec nos propres exp\u00e9riences.<\/p>\n<p>Notre priorit\u00e9 est la satisfaction du voyageur, nous offrons donc un service int\u00e9gral puisque le client commence ses vacances jusqu&rsquo;\u00e0 son retour \u00e0 la maison. Nous offrons un service client 24 heures sur 24, o\u00f9 que vous soyez dans le monde<\/p>\n<p>Avec les City Breaks, Viajes Tauro a l&rsquo;intention d&rsquo;\u00e9laborer une visite intense qui permet au voyageur de s&rsquo;impr\u00e9gner de l&rsquo;essence du destin qu&rsquo;il a l&rsquo;intention de conna\u00eetre. Nous cherchons avec chaque City Break, une exp\u00e9rience unique, avec les visites incontournables, aussi avec des \u00e9l\u00e9ments sp\u00e9ciaux qui font de nous une Agence diff\u00e9rente[\/vc_column_text][\/vc_column][vc_column width=\u00a0\u00bb1\/3&Prime; offset=\u00a0\u00bbvc_col-lg-5 vc_col-md-4 vc_hidden-sm vc_hidden-xs\u00a0\u00bb]<style type=\"text\/css\" data-type=\"the7_shortcodes-inline-css\">.shortcode-single-image-wrap.shortcode-single-image-69bbaf30207352874114b1befa50937f.enable-bg-rollover .rollover i,\n.shortcode-single-image-wrap.shortcode-single-image-69bbaf30207352874114b1befa50937f.enable-bg-rollover .rollover-video i {\n  background: ;\n  background: -webkit-linear-gradient();\n  background: linear-gradient();\n}\n.shortcode-single-image-wrap.shortcode-single-image-69bbaf30207352874114b1befa50937f .rollover-icon {\n  font-size: 32px;\n  color: #ffffff;\n  min-width: 44px;\n  min-height: 44px;\n  line-height: 44px;\n  border-radius: 100px;\n  border-style: solid;\n  border-width: 0px;\n}\n.dt-icon-bg-on.shortcode-single-image-wrap.shortcode-single-image-69bbaf30207352874114b1befa50937f .rollover-icon {\n  background: rgba(255,255,255,0.3);\n  box-shadow: none;\n}<\/style><div class=\"shortcode-single-image-wrap shortcode-single-image-69bbaf30207352874114b1befa50937f alignnone  vc_custom_1529922672531 enable-bg-rollover dt-icon-bg-off\" ><div class=\"shortcode-single-image\"><div class=\"fancy-media-wrap  layzr-bg\" style=\"\"><img fetchpriority=\"high\" decoding=\"async\" class=\"preload-me lazy-load aspect\" src=\"data:image\/svg+xml,%3Csvg%20xmlns%3D&#39;http%3A%2F%2Fwww.w3.org%2F2000%2Fsvg&#39;%20viewBox%3D&#39;0%200%20500%20500&#39;%2F%3E\" data-src=\"https:\/\/www.viajestauro.com\/wp-content\/uploads\/2018\/06\/viajes-tauro-home-img-escursiones-visitas-guiadas-500x500.jpg\" data-srcset=\"https:\/\/www.viajestauro.com\/wp-content\/uploads\/2018\/06\/viajes-tauro-home-img-escursiones-visitas-guiadas-500x500.jpg 500w, https:\/\/www.viajestauro.com\/wp-content\/uploads\/2018\/06\/viajes-tauro-home-img-escursiones-visitas-guiadas-800x800.jpg 800w\" loading=\"eager\" sizes=\"(max-width: 500px) 100vw, 500px\" width=\"500\" height=\"500\"  data-dt-location=\"https:\/\/www.viajestauro.com\/fr\/quienes-somos\/viajes-tauro-home-img-escursiones-visitas-guiadas\/\" style=\"--ratio: 500 \/ 500;\" alt=\"Turismo en autocar\" \/><\/div><\/div><\/div>[\/vc_column][\/vc_row][vc_row full_width=\u00a0\u00bbstretch_row\u00a0\u00bb equal_height=\u00a0\u00bbyes\u00a0\u00bb bg_type=\u00a0\u00bbbg_color\u00a0\u00bb bg_override=\u00a0\u00bbfull\u00a0\u00bb type=\u00a0\u00bbvc_default\u00a0\u00bb css=\u00a0\u00bb.vc_custom_1530264883225{border-top-width: 3px !important;padding-top: 40px !important;padding-bottom: 40px !important;border-top-color: #1b91b8 !important;border-top-style: solid !important;}\u00a0\u00bb bg_color_value=\u00a0\u00bb#1e1e1e\u00a0\u00bb el_id=\u00a0\u00bbfooter-contact\u00a0\u00bb][vc_column offset=\u00a0\u00bbvc_col-lg-6 vc_col-md-6&Prime;]<div id=\"ultimate-heading-303969e2b842665ee\" class=\"uvc-heading ult-adjust-bottom-margin ultimate-heading-303969e2b842665ee uvc-7070 accent-border-color accent-subtitle-color\" data-hspacer=\"no_spacer\"  data-halign=\"left\" style=\"text-align:left\"><div class=\"uvc-heading-spacer no_spacer\" style=\"top\"><\/div><div class=\"uvc-main-heading ult-responsive\"  data-ultimate-target='.uvc-heading.ultimate-heading-303969e2b842665ee h2'  data-responsive-json-new='{\"font-size\":\"desktop:45px;tablet_portrait:40px;\",\"line-height\":\"desktop:55px;tablet_portrait:50px;\"}' ><h2 style=\"font-weight:normal;color:#ffffff;margin-bottom:30px;\">Contactez-nous!<\/h2><\/div><div class=\"uvc-sub-heading ult-responsive\"  data-ultimate-target='.uvc-heading.ultimate-heading-303969e2b842665ee .uvc-sub-heading '  data-responsive-json-new='{\"font-size\":\"desktop:26px;\",\"line-height\":\"desktop:38px;\"}'  style=\"font-weight:700;color:#ffffff;margin-bottom:35px;\"><\/p>\n<h3><span style=\"color: #6bbdd5;\">Remplissez notre formulaire de contact et nous vous r\u00e9pondrons dans les plus brefs d\u00e9lais.<\/span><\/h3>\n<p><\/div><\/div><div class=\"aio-icon-component  vc_custom_1528716299600  dt-phone style_1\"><div id=\"Info-box-wrap-8048\" class=\"aio-icon-box default-icon\" style=\"\"  ><div class=\"aio-icon-default\"><div class=\"ult-just-icon-wrapper  \"><div class=\"align-icon\" style=\"text-align:center;\">\n<div class=\"aio-icon none \"  style=\"color:#ffffff;font-size:24px;display:inline-block;\">\n\t<i class=\"icomoon-font-awesome-14x14-phone\"><\/i>\n<\/div><\/div><\/div><\/div><div class=\"aio-icon-header\" ><h3 class=\"aio-icon-title ult-responsive\"  data-ultimate-target='#Info-box-wrap-8048 .aio-icon-title'  data-responsive-json-new='{\"font-size\":\"desktop:24px;\",\"line-height\":\"desktop:24px;\"}'  style=\"font-family:&#039;Open Sans&#039;;font-weight:normal;font-style:normal;color:#ffffff;\">Tel: +34 93 769 06 55 - Fax: +34 93 766 21 88<\/h3><\/div> <!-- header --><\/div> <!-- aio-icon-box --><\/div> <!-- aio-icon-component --><div class=\"aio-icon-component  vc_custom_1528716304900   style_1\"><div id=\"Info-box-wrap-9655\" class=\"aio-icon-box default-icon\" style=\"\"  ><div class=\"aio-icon-default\"><div class=\"ult-just-icon-wrapper  \"><div class=\"align-icon\" style=\"text-align:center;\">\n<div class=\"aio-icon none \"  style=\"color:#ffffff;font-size:24px;display:inline-block;\">\n\t<i class=\"icomoon-font-awesome-14x14-envelope\"><\/i>\n<\/div><\/div><\/div><\/div><div class=\"aio-icon-header\" ><h3 class=\"aio-icon-title ult-responsive\"  data-ultimate-target='#Info-box-wrap-9655 .aio-icon-title'  data-responsive-json-new='{\"font-size\":\"desktop:18px;\",\"line-height\":\"desktop:24px;\"}'  style=\"font-family:&#039;Open Sans&#039;;font-weight:normal;font-style:normal;color:#ffffff;\">emisor@viajestauro.com<\/h3><\/div> <!-- header --><\/div> <!-- aio-icon-box --><\/div> <!-- aio-icon-component --><div class=\"aio-icon-component  vc_custom_1531410646118   style_1\"><div id=\"Info-box-wrap-1394\" class=\"aio-icon-box default-icon\" style=\"\"  ><div class=\"aio-icon-default\"><div class=\"ult-just-icon-wrapper  \"><div class=\"align-icon\" style=\"text-align:center;\">\n<div class=\"aio-icon none \"  style=\"color:#ffffff;font-size:24px;display:inline-block;\">\n\t<i class=\"icomoon-font-awesome-14x14-home\"><\/i>\n<\/div><\/div><\/div><\/div><div class=\"aio-icon-header\" ><h3 class=\"aio-icon-title ult-responsive\"  data-ultimate-target='#Info-box-wrap-1394 .aio-icon-title'  data-responsive-json-new='{\"font-size\":\"desktop:18px;\",\"line-height\":\"desktop:24px;\"}'  style=\"font-family:&#039;Open Sans&#039;;font-weight:normal;font-style:normal;color:#ffffff;\"> C.\/ de la Esgl\u00e9sia, 4 - 08370 Calella (Bcn) - Espagne<\/h3><\/div> <!-- header --><\/div> <!-- aio-icon-box --><\/div> <!-- aio-icon-component --><div class=\"aio-icon-component  vc_custom_1531410661066   style_1\"><div id=\"Info-box-wrap-3222\" class=\"aio-icon-box default-icon\" style=\"\"  ><div class=\"aio-icon-default\"><div class=\"ult-just-icon-wrapper  \"><div class=\"align-icon\" style=\"text-align:center;\">\n<div class=\"aio-icon none \"  style=\"color:#ffffff;font-size:24px;display:inline-block;\">\n\t<i class=\"icomoon-font-awesome-14x14-calendar\"><\/i>\n<\/div><\/div><\/div><\/div><div class=\"aio-icon-header\" ><h3 class=\"aio-icon-title ult-responsive\"  data-ultimate-target='#Info-box-wrap-3222 .aio-icon-title'  data-responsive-json-new='{\"font-size\":\"desktop:18px;\",\"line-height\":\"desktop:28px;\"}'  style=\"font-family:&#039;Open Sans&#039;;font-weight:normal;font-style:normal;color:#ffffff;\">Lundi - Vendredi 9:00 - 14:00 \/ 16:00 - 20:00<\/h3><\/div> <!-- header --><\/div> <!-- aio-icon-box --><\/div> <!-- aio-icon-component --><div class=\"  uavc-icons \">\n<a class=\"aio-tooltip 69e2b8426746e\" href=\"https:\/\/goo.gl\/maps\/qRAtArbk4Fy\" target=\"_blank\" rel=\"noopener\"  data-toggle=\"tooltip\" data-placement=\"top\" title=\"Google Business\"><div class=\"aio-icon circle \" data-animation=\"\" data-animation-delay=\"03\" style=\"color:#ffffff;background:#dd4e41;font-size:24px;margin-right:5px;\">\n\t<i class=\"Defaults-map-marker\"><\/i>\n<\/div><\/a>\n<a class=\"aio-tooltip 69e2b842674cd\" href=\"http:\/\/viajestauro.com\/actualidad\/\"  data-toggle=\"tooltip\" data-placement=\"top\" title=\"Blog Viajes Tauro\"><div class=\"aio-icon circle \" data-animation=\"\" data-animation-delay=\"03\" style=\"color:#ffffff;background:#6bbdd5;font-size:24px;margin-right:5px;\">\n\t<i class=\"Defaults-comments-o\"><\/i>\n<\/div><\/a><\/div>[\/vc_column][vc_column offset=\u00a0\u00bbvc_col-lg-6 vc_col-md-6&Prime;][vc_column_text]<div class=\"frm_forms  with_frm_style frm_style_formidable-style\" id=\"frm_form_2_container\" >\n<form enctype=\"multipart\/form-data\" method=\"post\" class=\"frm-show-form  frm_ajax_submit  frm_pro_form \" id=\"form_contact-form\" >\n<div class=\"frm_form_fields \">\n<fieldset>\n<legend class=\"frm_screen_reader\">Contactar - ES<\/legend>\r\n\r\n<div class=\"frm_fields_container\">\n<input type=\"hidden\" name=\"frm_action\" value=\"create\" \/>\n<input type=\"hidden\" name=\"form_id\" value=\"2\" \/>\n<input type=\"hidden\" name=\"frm_hide_fields_2\" id=\"frm_hide_fields_2\" value=\"\" \/>\n<input type=\"hidden\" name=\"form_key\" value=\"contact-form\" \/>\n<input type=\"hidden\" name=\"item_meta[0]\" value=\"\" \/>\n<input type=\"hidden\" id=\"frm_submit_entry_2\" name=\"frm_submit_entry_2\" value=\"23da4647fd\" \/><input type=\"hidden\" name=\"_wp_http_referer\" value=\"\/fr\/wp-json\/wp\/v2\/pages\/1853\" \/><div id=\"frm_field_6_container\" class=\"frm_form_field form-field  frm_required_field frm_top_container frm_full\">\r\n    <label for=\"field_qh4icy2\" class=\"frm_primary_label\">Nombre\r\n        <span class=\"frm_required\">*<\/span>\r\n    <\/label>\r\n    <input type=\"text\" id=\"field_qh4icy2\" name=\"item_meta[6]\" value=\"\"  data-reqmsg=\"Este campo no puede estar en blanco.\" aria-required=\"true\" data-invmsg=\"Name no es v\u00e1lido\" aria-invalid=\"false\"  \/>\r\n    \r\n    \r\n<\/div>\n<div id=\"frm_field_8_container\" class=\"frm_form_field form-field  frm_required_field frm_top_container frm_full\">\r\n    <label for=\"field_29yf4d2\" class=\"frm_primary_label\">Email\r\n        <span class=\"frm_required\">*<\/span>\r\n    <\/label>\r\n    <input type=\"email\" id=\"field_29yf4d2\" name=\"item_meta[8]\" value=\"\"  data-reqmsg=\"Este campo no puede estar en blanco.\" aria-required=\"true\" data-invmsg=\"Please enter a valid email address\" aria-invalid=\"false\"  \/>\r\n    \r\n    \r\n<\/div>\n<div id=\"frm_field_67_container\" class=\"frm_form_field form-field  frm_required_field frm_top_container frm_full\">\r\n    <label for=\"field_u8sy\" class=\"frm_primary_label\">Tel\u00e9fono\r\n        <span class=\"frm_required\">*<\/span>\r\n    <\/label>\r\n    <input type=\"tel\" id=\"field_u8sy\" name=\"item_meta[67]\" value=\"\"  data-reqmsg=\"Este campo no puede estar en blanco.\" aria-required=\"true\" data-invmsg=\"Phone no es v\u00e1lido\" aria-invalid=\"false\" pattern=\"((\\+\\d{1,3}(-|.| )?\\(?\\d\\)?(-| |.)?\\d{1,5})|(\\(?\\d{2,6}\\)?))(-|.| )?(\\d{3,4})(-|.| )?(\\d{4})(( x| ext)\\d{1,5}){0,1}$\"  \/>\r\n    \r\n    \r\n<\/div>\n<div id=\"frm_field_10_container\" class=\"frm_form_field form-field  frm_required_field frm_top_container frm_full\">\r\n    <label for=\"field_9jv0r12\" class=\"frm_primary_label\">Mensaje\r\n        <span class=\"frm_required\">*<\/span>\r\n    <\/label>\r\n    <textarea name=\"item_meta[10]\" id=\"field_9jv0r12\" rows=\"5\"  data-reqmsg=\"Este campo no puede estar en blanco.\" aria-required=\"true\" data-invmsg=\"Mensaje est non valide\" aria-invalid=\"false\"  ><\/textarea>\r\n    \r\n    \r\n<\/div>\n<div id=\"frm_field_69_container\" class=\"frm_form_field form-field  frm_required_field frm_none_container vertical_radio\">\r\n    <label for=\"field_f9cuk\" class=\"frm_primary_label\">Aceptaci\u00f3n LOPD - RGPD\r\n        <span class=\"frm_required\">*<\/span>\r\n    <\/label>\r\n    <div class=\"frm_opt_container\">\t\t<div class=\"frm_checkbox\" id=\"frm_checkbox_69-0\">\t\t\t<label  for=\"field_f9cuk-0\">\n\t\t\t<input type=\"checkbox\" name=\"item_meta[69][]\" id=\"field_f9cuk-0\" value=\"Leo y acepto la pol\u00edtica de privacidad y protecci\u00f3n de datos.\"  data-reqmsg=\"Este campo no puede estar en blanco.\" data-invmsg=\"Aceptaci\u00f3n LOPD - RGPD est non valide\"   aria-required=\"true\"  \/> Leo y acepto la pol\u00edtica de privacidad y protecci\u00f3n de datos.<\/label><\/div>\n<\/div>\r\n    \r\n    \r\n<\/div>\n<div id=\"frm_field_68_container\" class=\"frm_form_field form-field  frm_none_container\">\r\n    <label  class=\"frm_primary_label\">reCAPTCHA\r\n        <span class=\"frm_required\"><\/span>\r\n    <\/label>\r\n    <div  id=\"field_5k0ru\" class=\"g-recaptcha\" data-sitekey=\"6LdyYWEUAAAAAJcSdfPk3DLCehK-oKFxvTW1eTUl\" data-size=\"normal\" data-theme=\"light\"><\/div>\r\n    \r\n    \r\n<\/div>\n\t<input type=\"hidden\" name=\"item_key\" value=\"\" \/>\n\t\t\t<div id=\"frm_field_94_container\">\n\t\t\t<label for=\"field_tl91j\" >\n\t\t\t\tSi vous \u00eates un humain, ne remplissez pas ce champ.\t\t\t<\/label>\n\t\t\t<input  id=\"field_tl91j\" type=\"text\" class=\"frm_form_field form-field frm_verify\" name=\"item_meta[94]\" value=\"\"  \/>\n\t\t<\/div>\n\t\t<input name=\"frm_state\" type=\"hidden\" value=\"dmx+aqDb6KXxCy0e7HOgEPMIRkXP1jg5OSKcukO+XOocMwieUvU7wmpjZQvxiPXA\" \/><div class=\"frm_submit\">\r\n\r\n<button class=\"frm_button_submit frm_final_submit\" type=\"submit\"   formnovalidate=\"formnovalidate\">Enviar<\/button>\r\n\r\n<\/div><\/div>\n<\/fieldset>\n<\/div>\n\n<\/form>\n<\/div>\n[\/vc_column_text][\/vc_column][\/vc_row]<\/p>\n<\/div>","protected":false},"excerpt":{"rendered":"<p>[vc_row equal_height=\u00a0\u00bbyes\u00a0\u00bb content_placement=\u00a0\u00bbmiddle\u00a0\u00bb type=\u00a0\u00bbvc_default\u00a0\u00bb margin_top=\u00a0\u00bb-50&Prime; anchor=\u00a0\u00bbabout\u00a0\u00bb css=\u00a0\u00bb.vc_custom_1524641712343{padding-top: 90px !important;padding-bottom: 90px !important;}\u00a0\u00bb][vc_column width=\u00a0\u00bb2\/3&Prime; offset=\u00a0\u00bbvc_col-lg-offset-0 vc_col-lg-7 vc_col-md-offset-0 vc_col-md-8&Prime;][vc_column_text css=\u00a0\u00bb.vc_custom_1531410588247{padding-bottom: 40px !important;}\u00a0\u00bb]D\u00e9couvrez les meilleures escapades en ville avec Viajes Tauro. Toujours sous votre choix, nous \u00e9coutons avec int\u00e9r\u00eat vos pr\u00e9f\u00e9rences et nous \u00e9laborons des programmes touristiques de grande qualit\u00e9 en fonction de vos budget Viajes Tauro vous offre&hellip;<\/p>\n","protected":false},"author":1,"featured_media":0,"parent":1843,"menu_order":10,"comment_status":"closed","ping_status":"open","template":"template-microsite.php","meta":{"footnotes":""},"class_list":["post-1853","page","type-page","status-publish","hentry","description-off"],"yoast_head":"<!-- This site is optimized with the Yoast SEO plugin v27.0 - https:\/\/yoast.com\/product\/yoast-seo-wordpress\/ -->\n<title>City breaks, nous allons vous montrer ce que Inn est toujours - Viajes Tauro<\/title>\n<meta name=\"description\" content=\"Viajes Tauro vous offre beaucoup plus que des destinations de voyage, nous vous offrons tout le temps, ce qui est Actualidad, ce qui est Inn. Faites confiance \u00e0 nos bons crit\u00e8res pour les voyageurs\" \/>\n<meta name=\"robots\" content=\"index, follow, max-snippet:-1, max-image-preview:large, max-video-preview:-1\" \/>\n<link rel=\"canonical\" href=\"https:\/\/www.viajestauro.com\/fr\/services-touristiques\/city-breaks\/\" \/>\n<meta property=\"og:locale\" content=\"fr_FR\" \/>\n<meta property=\"og:type\" content=\"article\" \/>\n<meta property=\"og:title\" content=\"City breaks, nous allons vous montrer ce que Inn est toujours - Viajes Tauro\" \/>\n<meta property=\"og:description\" content=\"Viajes Tauro vous offre beaucoup plus que des destinations de voyage, nous vous offrons tout le temps, ce qui est Actualidad, ce qui est Inn. Faites confiance \u00e0 nos bons crit\u00e8res pour les voyageurs\" \/>\n<meta property=\"og:url\" content=\"https:\/\/www.viajestauro.com\/fr\/services-touristiques\/city-breaks\/\" \/>\n<meta property=\"og:site_name\" content=\"Viajes Tauro\" \/>\n<meta property=\"article:modified_time\" content=\"2018-07-24T09:24:18+00:00\" \/>\n<meta name=\"twitter:card\" content=\"summary_large_image\" \/>\n<meta name=\"twitter:label1\" content=\"Dur\u00e9e de lecture estim\u00e9e\" \/>\n\t<meta name=\"twitter:data1\" content=\"5 minutes\" \/>\n<script type=\"application\/ld+json\" class=\"yoast-schema-graph\">{\"@context\":\"https:\/\/schema.org\",\"@graph\":[{\"@type\":\"WebPage\",\"@id\":\"https:\/\/www.viajestauro.com\/fr\/services-touristiques\/city-breaks\/\",\"url\":\"https:\/\/www.viajestauro.com\/fr\/services-touristiques\/city-breaks\/\",\"name\":\"City breaks, nous allons vous montrer ce que Inn est toujours - Viajes Tauro\",\"isPartOf\":{\"@id\":\"https:\/\/www.viajestauro.com\/fr\/#website\"},\"datePublished\":\"2018-04-26T11:04:00+00:00\",\"dateModified\":\"2018-07-24T09:24:18+00:00\",\"description\":\"Viajes Tauro vous offre beaucoup plus que des destinations de voyage, nous vous offrons tout le temps, ce qui est Actualidad, ce qui est Inn. Faites confiance \u00e0 nos bons crit\u00e8res pour les voyageurs\",\"breadcrumb\":{\"@id\":\"https:\/\/www.viajestauro.com\/fr\/services-touristiques\/city-breaks\/#breadcrumb\"},\"inLanguage\":\"fr-FR\",\"potentialAction\":[{\"@type\":\"ReadAction\",\"target\":[\"https:\/\/www.viajestauro.com\/fr\/services-touristiques\/city-breaks\/\"]}]},{\"@type\":\"BreadcrumbList\",\"@id\":\"https:\/\/www.viajestauro.com\/fr\/services-touristiques\/city-breaks\/#breadcrumb\",\"itemListElement\":[{\"@type\":\"ListItem\",\"position\":1,\"name\":\"Portada\",\"item\":\"https:\/\/www.viajestauro.com\/fr\/\"},{\"@type\":\"ListItem\",\"position\":2,\"name\":\"Services touristiques\",\"item\":\"https:\/\/www.viajestauro.com\/fr\/services-touristiques\/\"},{\"@type\":\"ListItem\",\"position\":3,\"name\":\"City Breaks\"}]},{\"@type\":\"WebSite\",\"@id\":\"https:\/\/www.viajestauro.com\/fr\/#website\",\"url\":\"https:\/\/www.viajestauro.com\/fr\/\",\"name\":\"Viajes Tauro\",\"description\":\"Agencia de viajes\",\"publisher\":{\"@id\":\"https:\/\/www.viajestauro.com\/fr\/#organization\"},\"potentialAction\":[{\"@type\":\"SearchAction\",\"target\":{\"@type\":\"EntryPoint\",\"urlTemplate\":\"https:\/\/www.viajestauro.com\/fr\/?s={search_term_string}\"},\"query-input\":{\"@type\":\"PropertyValueSpecification\",\"valueRequired\":true,\"valueName\":\"search_term_string\"}}],\"inLanguage\":\"fr-FR\"},{\"@type\":\"Organization\",\"@id\":\"https:\/\/www.viajestauro.com\/fr\/#organization\",\"name\":\"Viajes Tauro, S.L.\",\"url\":\"https:\/\/www.viajestauro.com\/fr\/\",\"logo\":{\"@type\":\"ImageObject\",\"inLanguage\":\"fr-FR\",\"@id\":\"https:\/\/www.viajestauro.com\/fr\/#\/schema\/logo\/image\/\",\"url\":\"https:\/\/www.viajestauro.com\/wp-content\/uploads\/2018\/07\/logo-web-h80.png\",\"contentUrl\":\"https:\/\/www.viajestauro.com\/wp-content\/uploads\/2018\/07\/logo-web-h80.png\",\"width\":356,\"height\":80,\"caption\":\"Viajes Tauro, S.L.\"},\"image\":{\"@id\":\"https:\/\/www.viajestauro.com\/fr\/#\/schema\/logo\/image\/\"}}]}<\/script>\n<!-- \/ Yoast SEO plugin. -->","yoast_head_json":{"title":"City breaks, nous allons vous montrer ce que Inn est toujours - Viajes Tauro","description":"Viajes Tauro vous offre beaucoup plus que des destinations de voyage, nous vous offrons tout le temps, ce qui est Actualidad, ce qui est Inn. Faites confiance \u00e0 nos bons crit\u00e8res pour les voyageurs","robots":{"index":"index","follow":"follow","max-snippet":"max-snippet:-1","max-image-preview":"max-image-preview:large","max-video-preview":"max-video-preview:-1"},"canonical":"https:\/\/www.viajestauro.com\/fr\/services-touristiques\/city-breaks\/","og_locale":"fr_FR","og_type":"article","og_title":"City breaks, nous allons vous montrer ce que Inn est toujours - Viajes Tauro","og_description":"Viajes Tauro vous offre beaucoup plus que des destinations de voyage, nous vous offrons tout le temps, ce qui est Actualidad, ce qui est Inn. Faites confiance \u00e0 nos bons crit\u00e8res pour les voyageurs","og_url":"https:\/\/www.viajestauro.com\/fr\/services-touristiques\/city-breaks\/","og_site_name":"Viajes Tauro","article_modified_time":"2018-07-24T09:24:18+00:00","twitter_card":"summary_large_image","twitter_misc":{"Dur\u00e9e de lecture estim\u00e9e":"5 minutes"},"schema":{"@context":"https:\/\/schema.org","@graph":[{"@type":"WebPage","@id":"https:\/\/www.viajestauro.com\/fr\/services-touristiques\/city-breaks\/","url":"https:\/\/www.viajestauro.com\/fr\/services-touristiques\/city-breaks\/","name":"City breaks, nous allons vous montrer ce que Inn est toujours - Viajes Tauro","isPartOf":{"@id":"https:\/\/www.viajestauro.com\/fr\/#website"},"datePublished":"2018-04-26T11:04:00+00:00","dateModified":"2018-07-24T09:24:18+00:00","description":"Viajes Tauro vous offre beaucoup plus que des destinations de voyage, nous vous offrons tout le temps, ce qui est Actualidad, ce qui est Inn. Faites confiance \u00e0 nos bons crit\u00e8res pour les voyageurs","breadcrumb":{"@id":"https:\/\/www.viajestauro.com\/fr\/services-touristiques\/city-breaks\/#breadcrumb"},"inLanguage":"fr-FR","potentialAction":[{"@type":"ReadAction","target":["https:\/\/www.viajestauro.com\/fr\/services-touristiques\/city-breaks\/"]}]},{"@type":"BreadcrumbList","@id":"https:\/\/www.viajestauro.com\/fr\/services-touristiques\/city-breaks\/#breadcrumb","itemListElement":[{"@type":"ListItem","position":1,"name":"Portada","item":"https:\/\/www.viajestauro.com\/fr\/"},{"@type":"ListItem","position":2,"name":"Services touristiques","item":"https:\/\/www.viajestauro.com\/fr\/services-touristiques\/"},{"@type":"ListItem","position":3,"name":"City Breaks"}]},{"@type":"WebSite","@id":"https:\/\/www.viajestauro.com\/fr\/#website","url":"https:\/\/www.viajestauro.com\/fr\/","name":"Viajes Tauro","description":"Agencia de viajes","publisher":{"@id":"https:\/\/www.viajestauro.com\/fr\/#organization"},"potentialAction":[{"@type":"SearchAction","target":{"@type":"EntryPoint","urlTemplate":"https:\/\/www.viajestauro.com\/fr\/?s={search_term_string}"},"query-input":{"@type":"PropertyValueSpecification","valueRequired":true,"valueName":"search_term_string"}}],"inLanguage":"fr-FR"},{"@type":"Organization","@id":"https:\/\/www.viajestauro.com\/fr\/#organization","name":"Viajes Tauro, S.L.","url":"https:\/\/www.viajestauro.com\/fr\/","logo":{"@type":"ImageObject","inLanguage":"fr-FR","@id":"https:\/\/www.viajestauro.com\/fr\/#\/schema\/logo\/image\/","url":"https:\/\/www.viajestauro.com\/wp-content\/uploads\/2018\/07\/logo-web-h80.png","contentUrl":"https:\/\/www.viajestauro.com\/wp-content\/uploads\/2018\/07\/logo-web-h80.png","width":356,"height":80,"caption":"Viajes Tauro, S.L."},"image":{"@id":"https:\/\/www.viajestauro.com\/fr\/#\/schema\/logo\/image\/"}}]}},"_links":{"self":[{"href":"https:\/\/www.viajestauro.com\/fr\/wp-json\/wp\/v2\/pages\/1853","targetHints":{"allow":["GET"]}}],"collection":[{"href":"https:\/\/www.viajestauro.com\/fr\/wp-json\/wp\/v2\/pages"}],"about":[{"href":"https:\/\/www.viajestauro.com\/fr\/wp-json\/wp\/v2\/types\/page"}],"author":[{"embeddable":true,"href":"https:\/\/www.viajestauro.com\/fr\/wp-json\/wp\/v2\/users\/1"}],"replies":[{"embeddable":true,"href":"https:\/\/www.viajestauro.com\/fr\/wp-json\/wp\/v2\/comments?post=1853"}],"version-history":[{"count":0,"href":"https:\/\/www.viajestauro.com\/fr\/wp-json\/wp\/v2\/pages\/1853\/revisions"}],"up":[{"embeddable":true,"href":"https:\/\/www.viajestauro.com\/fr\/wp-json\/wp\/v2\/pages\/1843"}],"wp:attachment":[{"href":"https:\/\/www.viajestauro.com\/fr\/wp-json\/wp\/v2\/media?parent=1853"}],"curies":[{"name":"wp","href":"https:\/\/api.w.org\/{rel}","templated":true}]}}