{"id":1807,"date":"2018-04-26T11:04:45","date_gmt":"2018-04-26T11:04:45","guid":{"rendered":"https:\/\/www.viajestauro.com\/servizi-turistici\/mice\/"},"modified":"2018-07-24T11:26:54","modified_gmt":"2018-07-24T09:26:54","slug":"mice","status":"publish","type":"page","link":"https:\/\/www.viajestauro.com\/it\/servizi-turistici\/mice\/","title":{"rendered":"Mice"},"content":{"rendered":"<div class=\"wpb-content-wrapper\"><p>[vc_row equal_height=&#8221;yes&#8221; content_placement=&#8221;middle&#8221; type=&#8221;vc_default&#8221; margin_top=&#8221;-50&#8243; anchor=&#8221;about&#8221; css=&#8221;.vc_custom_1524641712343{padding-top: 90px !important;padding-bottom: 90px !important;}&#8221;][vc_column width=&#8221;2\/3&#8243; offset=&#8221;vc_col-lg-offset-0 vc_col-lg-7 vc_col-md-offset-0 vc_col-md-8&#8243;]<div id=\"ultimate-heading-926569e49b851447c\" class=\"uvc-heading ult-adjust-bottom-margin ultimate-heading-926569e49b851447c uvc-7705 accent-border-color accent-subtitle-color\" data-hspacer=\"no_spacer\"  data-halign=\"left\" style=\"text-align:left\"><div class=\"uvc-heading-spacer no_spacer\" style=\"top\"><\/div><div class=\"uvc-main-heading ult-responsive\"  data-ultimate-target='.uvc-heading.ultimate-heading-926569e49b851447c h2'  data-responsive-json-new='{\"font-size\":\"desktop:40px;tablet_portrait:40px;\",\"line-height\":\"desktop:50px;tablet_portrait:50px;\"}' ><h2 style=\"font-weight:bold;margin-bottom:30px;\">MICE<\/h2><\/div><div class=\"uvc-sub-heading ult-responsive\"  data-ultimate-target='.uvc-heading.ultimate-heading-926569e49b851447c .uvc-sub-heading '  data-responsive-json-new='{\"font-size\":\"desktop:26px;\",\"line-height\":\"desktop:38px;\"}'  style=\"font-weight:700;color:#ffffff;margin-bottom:35px;\"><\/p>\n<h3><span style=\"color: #0991ba;\">Viaggi organizzati per riunioni, conferenze o altri eventi<\/span><\/h3>\n<p><\/div><\/div>[vc_column_text css=&#8221;.vc_custom_1531391171754{padding-bottom: 40px !important;}&#8221;]Viajes Tauro prepara e organizza con prontezza dimostrata, viaggi con obiettivi diversi, tra cui contiamo i viaggi per stabilire specifici incontri, congressi, riunioni, ecc.<\/p>\n<p>I partecipanti a queste esperienze avranno tutte le esigenze coperte e un&#8217;organizzazione molto professionale di tutte le attivit\u00e0.<\/p>\n<p>In Viajes Tauro conosciamo l&#8217;importanza del pre, durante e dopo il Congresso, comprendiamo sia le location che i luoghi per gli incontri e soprattutto ascoltiamo sempre i nostri clienti per sapere quali esigenze o idee vogliono mettere in pratica.<\/p>\n<p>Ci rivolgiamo a tutti i preparativi, perch\u00e9 il nostro obiettivo principale \u00e8 la completa soddisfazione dei viaggiatori. Siamo preoccupati per la qualit\u00e0 e la professionalit\u00e0 nell&#8217;organizzazione di ogni evento del viaggio, ecco perch\u00e9 offriamo un servizio 24 ore al giorno.[\/vc_column_text][\/vc_column][vc_column width=&#8221;1\/3&#8243; offset=&#8221;vc_col-lg-5 vc_col-md-4 vc_hidden-sm vc_hidden-xs&#8221;]<style type=\"text\/css\" data-type=\"the7_shortcodes-inline-css\">.shortcode-single-image-wrap.shortcode-single-image-c470dfb6d8f3abab8319800f9b2803c7.enable-bg-rollover .rollover i,\n.shortcode-single-image-wrap.shortcode-single-image-c470dfb6d8f3abab8319800f9b2803c7.enable-bg-rollover .rollover-video i {\n  background: ;\n  background: -webkit-linear-gradient();\n  background: linear-gradient();\n}\n.shortcode-single-image-wrap.shortcode-single-image-c470dfb6d8f3abab8319800f9b2803c7 .rollover-icon {\n  font-size: 32px;\n  color: #ffffff;\n  min-width: 44px;\n  min-height: 44px;\n  line-height: 44px;\n  border-radius: 100px;\n  border-style: solid;\n  border-width: 0px;\n}\n.dt-icon-bg-on.shortcode-single-image-wrap.shortcode-single-image-c470dfb6d8f3abab8319800f9b2803c7 .rollover-icon {\n  background: rgba(255,255,255,0.3);\n  box-shadow: none;\n}<\/style><div class=\"shortcode-single-image-wrap shortcode-single-image-c470dfb6d8f3abab8319800f9b2803c7 alignnone  vc_custom_1529922148217 enable-bg-rollover dt-icon-bg-off\" ><div class=\"shortcode-single-image\"><div class=\"fancy-media-wrap  layzr-bg\" style=\"\"><img fetchpriority=\"high\" decoding=\"async\" class=\"preload-me lazy-load aspect\" src=\"data:image\/svg+xml,%3Csvg%20xmlns%3D&#39;http%3A%2F%2Fwww.w3.org%2F2000%2Fsvg&#39;%20viewBox%3D&#39;0%200%20500%20500&#39;%2F%3E\" data-src=\"https:\/\/www.viajestauro.com\/wp-content\/uploads\/2018\/06\/viajes-tauro-home-img-meeting-eventos-500x500.jpg\" data-srcset=\"https:\/\/www.viajestauro.com\/wp-content\/uploads\/2018\/06\/viajes-tauro-home-img-meeting-eventos-500x500.jpg 500w, https:\/\/www.viajestauro.com\/wp-content\/uploads\/2018\/06\/viajes-tauro-home-img-meeting-eventos-800x800.jpg 800w\" loading=\"eager\" sizes=\"(max-width: 500px) 100vw, 500px\" width=\"500\" height=\"500\"  data-dt-location=\"https:\/\/www.viajestauro.com\/it\/home\/viajes-tauro-home-img-meeting-eventos\/\" style=\"--ratio: 500 \/ 500;\" alt=\"MICE\" \/><\/div><\/div><\/div>[\/vc_column][\/vc_row][vc_row full_width=&#8221;stretch_row&#8221; equal_height=&#8221;yes&#8221; bg_type=&#8221;bg_color&#8221; bg_override=&#8221;full&#8221; type=&#8221;vc_default&#8221; css=&#8221;.vc_custom_1530264883225{border-top-width: 3px !important;padding-top: 40px !important;padding-bottom: 40px !important;border-top-color: #1b91b8 !important;border-top-style: solid !important;}&#8221; bg_color_value=&#8221;#1e1e1e&#8221; el_id=&#8221;footer-contact&#8221;][vc_column offset=&#8221;vc_col-lg-6 vc_col-md-6&#8243;]<div id=\"ultimate-heading-483669e49b8516d9d\" class=\"uvc-heading ult-adjust-bottom-margin ultimate-heading-483669e49b8516d9d uvc-2458 accent-border-color accent-subtitle-color\" data-hspacer=\"no_spacer\"  data-halign=\"left\" style=\"text-align:left\"><div class=\"uvc-heading-spacer no_spacer\" style=\"top\"><\/div><div class=\"uvc-main-heading ult-responsive\"  data-ultimate-target='.uvc-heading.ultimate-heading-483669e49b8516d9d h2'  data-responsive-json-new='{\"font-size\":\"desktop:45px;tablet_portrait:40px;\",\"line-height\":\"desktop:55px;tablet_portrait:50px;\"}' ><h2 style=\"font-weight:normal;color:#ffffff;margin-bottom:30px;\">Contattaci!<\/h2><\/div><div class=\"uvc-sub-heading ult-responsive\"  data-ultimate-target='.uvc-heading.ultimate-heading-483669e49b8516d9d .uvc-sub-heading '  data-responsive-json-new='{\"font-size\":\"desktop:26px;\",\"line-height\":\"desktop:38px;\"}'  style=\"font-weight:700;color:#ffffff;margin-bottom:35px;\"><\/p>\n<h3><span style=\"color: #6bbdd5;\">Compila il nostro modulo di contatto e ti risponderemo il prima possibile.<\/span><\/h3>\n<p><\/div><\/div><div class=\"aio-icon-component  vc_custom_1528716299600  dt-phone style_1\"><div id=\"Info-box-wrap-2791\" class=\"aio-icon-box default-icon\" style=\"\"  ><div class=\"aio-icon-default\"><div class=\"ult-just-icon-wrapper  \"><div class=\"align-icon\" style=\"text-align:center;\">\n<div class=\"aio-icon none \"  style=\"color:#ffffff;font-size:24px;display:inline-block;\">\n\t<i class=\"icomoon-font-awesome-14x14-phone\"><\/i>\n<\/div><\/div><\/div><\/div><div class=\"aio-icon-header\" ><h3 class=\"aio-icon-title ult-responsive\"  data-ultimate-target='#Info-box-wrap-2791 .aio-icon-title'  data-responsive-json-new='{\"font-size\":\"desktop:24px;\",\"line-height\":\"desktop:24px;\"}'  style=\"font-family:&#039;Open Sans&#039;;font-weight:normal;font-style:normal;color:#ffffff;\">Tel: +34 93 769 06 55 - Fax: +34 93 766 21 88<\/h3><\/div> <!-- header --><\/div> <!-- aio-icon-box --><\/div> <!-- aio-icon-component --><div class=\"aio-icon-component  vc_custom_1528716304900   style_1\"><div id=\"Info-box-wrap-5638\" class=\"aio-icon-box default-icon\" style=\"\"  ><div class=\"aio-icon-default\"><div class=\"ult-just-icon-wrapper  \"><div class=\"align-icon\" style=\"text-align:center;\">\n<div class=\"aio-icon none \"  style=\"color:#ffffff;font-size:24px;display:inline-block;\">\n\t<i class=\"icomoon-font-awesome-14x14-envelope\"><\/i>\n<\/div><\/div><\/div><\/div><div class=\"aio-icon-header\" ><h3 class=\"aio-icon-title ult-responsive\"  data-ultimate-target='#Info-box-wrap-5638 .aio-icon-title'  data-responsive-json-new='{\"font-size\":\"desktop:18px;\",\"line-height\":\"desktop:24px;\"}'  style=\"font-family:&#039;Open Sans&#039;;font-weight:normal;font-style:normal;color:#ffffff;\">emisor@viajestauro.com<\/h3><\/div> <!-- header --><\/div> <!-- aio-icon-box --><\/div> <!-- aio-icon-component --><div class=\"aio-icon-component  vc_custom_1531391210846   style_1\"><div id=\"Info-box-wrap-1987\" class=\"aio-icon-box default-icon\" style=\"\"  ><div class=\"aio-icon-default\"><div class=\"ult-just-icon-wrapper  \"><div class=\"align-icon\" style=\"text-align:center;\">\n<div class=\"aio-icon none \"  style=\"color:#ffffff;font-size:24px;display:inline-block;\">\n\t<i class=\"icomoon-font-awesome-14x14-home\"><\/i>\n<\/div><\/div><\/div><\/div><div class=\"aio-icon-header\" ><h3 class=\"aio-icon-title ult-responsive\"  data-ultimate-target='#Info-box-wrap-1987 .aio-icon-title'  data-responsive-json-new='{\"font-size\":\"desktop:18px;\",\"line-height\":\"desktop:24px;\"}'  style=\"font-family:&#039;Open Sans&#039;;font-weight:normal;font-style:normal;color:#ffffff;\"> C.\/ de la Esgl\u00e9sia, 4 - 08370 Calella (Bcn) - Spagna<\/h3><\/div> <!-- header --><\/div> <!-- aio-icon-box --><\/div> <!-- aio-icon-component --><div class=\"aio-icon-component  vc_custom_1531391225787   style_1\"><div id=\"Info-box-wrap-9239\" class=\"aio-icon-box default-icon\" style=\"\"  ><div class=\"aio-icon-default\"><div class=\"ult-just-icon-wrapper  \"><div class=\"align-icon\" style=\"text-align:center;\">\n<div class=\"aio-icon none \"  style=\"color:#ffffff;font-size:24px;display:inline-block;\">\n\t<i class=\"icomoon-font-awesome-14x14-calendar\"><\/i>\n<\/div><\/div><\/div><\/div><div class=\"aio-icon-header\" ><h3 class=\"aio-icon-title ult-responsive\"  data-ultimate-target='#Info-box-wrap-9239 .aio-icon-title'  data-responsive-json-new='{\"font-size\":\"desktop:18px;\",\"line-height\":\"desktop:28px;\"}'  style=\"font-family:&#039;Open Sans&#039;;font-weight:normal;font-style:normal;color:#ffffff;\">Luned\u00ec - Venerd\u00ec 9:00 - 14:00 \/ 16:00 - 20:00<\/h3><\/div> <!-- header --><\/div> <!-- aio-icon-box --><\/div> <!-- aio-icon-component --><div class=\"  uavc-icons \">\n<a class=\"aio-tooltip 69e49b8517cbf\" href=\"https:\/\/goo.gl\/maps\/qRAtArbk4Fy\" target=\"_blank\" rel=\"noopener\"  data-toggle=\"tooltip\" data-placement=\"top\" title=\"Google Business\"><div class=\"aio-icon circle \" data-animation=\"\" data-animation-delay=\"03\" style=\"color:#ffffff;background:#dd4e41;font-size:24px;margin-right:5px;\">\n\t<i class=\"Defaults-map-marker\"><\/i>\n<\/div><\/a>\n<a class=\"aio-tooltip 69e49b8517d03\" href=\"http:\/\/viajestauro.com\/actualidad\/\"  data-toggle=\"tooltip\" data-placement=\"top\" title=\"Blog Viajes Tauro\"><div class=\"aio-icon circle \" data-animation=\"\" data-animation-delay=\"03\" style=\"color:#ffffff;background:#6bbdd5;font-size:24px;margin-right:5px;\">\n\t<i class=\"Defaults-comments-o\"><\/i>\n<\/div><\/a><\/div>[\/vc_column][vc_column offset=&#8221;vc_col-lg-6 vc_col-md-6&#8243;][vc_column_text]<div class=\"frm_forms  with_frm_style frm_style_formidable-style\" id=\"frm_form_2_container\" >\n<form enctype=\"multipart\/form-data\" method=\"post\" class=\"frm-show-form  frm_ajax_submit  frm_pro_form \" id=\"form_contact-form\" >\n<div class=\"frm_form_fields \">\n<fieldset>\n<legend class=\"frm_screen_reader\">Contactar - ES<\/legend>\r\n\r\n<div class=\"frm_fields_container\">\n<input type=\"hidden\" name=\"frm_action\" value=\"create\" \/>\n<input type=\"hidden\" name=\"form_id\" value=\"2\" \/>\n<input type=\"hidden\" name=\"frm_hide_fields_2\" id=\"frm_hide_fields_2\" value=\"\" \/>\n<input type=\"hidden\" name=\"form_key\" value=\"contact-form\" \/>\n<input type=\"hidden\" name=\"item_meta[0]\" value=\"\" \/>\n<input type=\"hidden\" id=\"frm_submit_entry_2\" name=\"frm_submit_entry_2\" value=\"c2c094b4f3\" \/><input type=\"hidden\" name=\"_wp_http_referer\" value=\"\/it\/wp-json\/wp\/v2\/pages\/1807\" \/><div id=\"frm_field_6_container\" class=\"frm_form_field form-field  frm_required_field frm_top_container frm_full\">\r\n    <label for=\"field_qh4icy2\" class=\"frm_primary_label\">Nombre\r\n        <span class=\"frm_required\">*<\/span>\r\n    <\/label>\r\n    <input type=\"text\" id=\"field_qh4icy2\" name=\"item_meta[6]\" value=\"\"  data-reqmsg=\"Este campo no puede estar en blanco.\" aria-required=\"true\" data-invmsg=\"Name no es v\u00e1lido\" aria-invalid=\"false\"  \/>\r\n    \r\n    \r\n<\/div>\n<div id=\"frm_field_8_container\" class=\"frm_form_field form-field  frm_required_field frm_top_container frm_full\">\r\n    <label for=\"field_29yf4d2\" class=\"frm_primary_label\">Email\r\n        <span class=\"frm_required\">*<\/span>\r\n    <\/label>\r\n    <input type=\"email\" id=\"field_29yf4d2\" name=\"item_meta[8]\" value=\"\"  data-reqmsg=\"Este campo no puede estar en blanco.\" aria-required=\"true\" data-invmsg=\"Please enter a valid email address\" aria-invalid=\"false\"  \/>\r\n    \r\n    \r\n<\/div>\n<div id=\"frm_field_67_container\" class=\"frm_form_field form-field  frm_required_field frm_top_container frm_full\">\r\n    <label for=\"field_u8sy\" class=\"frm_primary_label\">Tel\u00e9fono\r\n        <span class=\"frm_required\">*<\/span>\r\n    <\/label>\r\n    <input type=\"tel\" id=\"field_u8sy\" name=\"item_meta[67]\" value=\"\"  data-reqmsg=\"Este campo no puede estar en blanco.\" aria-required=\"true\" data-invmsg=\"Phone no es v\u00e1lido\" aria-invalid=\"false\" pattern=\"((\\+\\d{1,3}(-|.| )?\\(?\\d\\)?(-| |.)?\\d{1,5})|(\\(?\\d{2,6}\\)?))(-|.| )?(\\d{3,4})(-|.| )?(\\d{4})(( x| ext)\\d{1,5}){0,1}$\"  \/>\r\n    \r\n    \r\n<\/div>\n<div id=\"frm_field_10_container\" class=\"frm_form_field form-field  frm_required_field frm_top_container frm_full\">\r\n    <label for=\"field_9jv0r12\" class=\"frm_primary_label\">Mensaje\r\n        <span class=\"frm_required\">*<\/span>\r\n    <\/label>\r\n    <textarea name=\"item_meta[10]\" id=\"field_9jv0r12\" rows=\"5\"  data-reqmsg=\"Este campo no puede estar en blanco.\" aria-required=\"true\" data-invmsg=\"Mensaje non \u00e8 valido\" aria-invalid=\"false\"  ><\/textarea>\r\n    \r\n    \r\n<\/div>\n<div id=\"frm_field_69_container\" class=\"frm_form_field form-field  frm_required_field frm_none_container vertical_radio\">\r\n    <label for=\"field_f9cuk\" class=\"frm_primary_label\">Aceptaci\u00f3n LOPD - RGPD\r\n        <span class=\"frm_required\">*<\/span>\r\n    <\/label>\r\n    <div class=\"frm_opt_container\">\t\t<div class=\"frm_checkbox\" id=\"frm_checkbox_69-0\">\t\t\t<label  for=\"field_f9cuk-0\">\n\t\t\t<input type=\"checkbox\" name=\"item_meta[69][]\" id=\"field_f9cuk-0\" value=\"Leo y acepto la pol\u00edtica de privacidad y protecci\u00f3n de datos.\"  data-reqmsg=\"Este campo no puede estar en blanco.\" data-invmsg=\"Aceptaci\u00f3n LOPD - RGPD non \u00e8 valido\"   aria-required=\"true\"  \/> Leo y acepto la pol\u00edtica de privacidad y protecci\u00f3n de datos.<\/label><\/div>\n<\/div>\r\n    \r\n    \r\n<\/div>\n<div id=\"frm_field_68_container\" class=\"frm_form_field form-field  frm_none_container\">\r\n    <label  class=\"frm_primary_label\">reCAPTCHA\r\n        <span class=\"frm_required\"><\/span>\r\n    <\/label>\r\n    <div  id=\"field_5k0ru\" class=\"g-recaptcha\" data-sitekey=\"6LdyYWEUAAAAAJcSdfPk3DLCehK-oKFxvTW1eTUl\" data-size=\"normal\" data-theme=\"light\"><\/div>\r\n    \r\n    \r\n<\/div>\n\t<input type=\"hidden\" name=\"item_key\" value=\"\" \/>\n\t\t\t<div id=\"frm_field_94_container\">\n\t\t\t<label for=\"field_egvok\" >\n\t\t\t\tSe sei un essere umano, lascia questo campo vuoto.\t\t\t<\/label>\n\t\t\t<input  id=\"field_egvok\" type=\"text\" class=\"frm_form_field form-field frm_verify\" name=\"item_meta[94]\" value=\"\"  \/>\n\t\t<\/div>\n\t\t<input name=\"frm_state\" type=\"hidden\" value=\"dmx+aqDb6KXxCy0e7HOgEOqUFKruOAVPQbF6INE296ocMwieUvU7wmpjZQvxiPXA\" \/><div class=\"frm_submit\">\r\n\r\n<button class=\"frm_button_submit frm_final_submit\" type=\"submit\"   formnovalidate=\"formnovalidate\">Enviar<\/button>\r\n\r\n<\/div><\/div>\n<\/fieldset>\n<\/div>\n\n<\/form>\n<\/div>\n[\/vc_column_text][\/vc_column][\/vc_row]<\/p>\n<\/div>","protected":false},"excerpt":{"rendered":"<p>[vc_row equal_height=&#8221;yes&#8221; content_placement=&#8221;middle&#8221; type=&#8221;vc_default&#8221; margin_top=&#8221;-50&#8243; anchor=&#8221;about&#8221; css=&#8221;.vc_custom_1524641712343{padding-top: 90px !important;padding-bottom: 90px !important;}&#8221;][vc_column width=&#8221;2\/3&#8243; offset=&#8221;vc_col-lg-offset-0 vc_col-lg-7 vc_col-md-offset-0 vc_col-md-8&#8243;][vc_column_text css=&#8221;.vc_custom_1531391171754{padding-bottom: 40px !important;}&#8221;]Viajes Tauro prepara e organizza con prontezza dimostrata, viaggi con obiettivi diversi, tra cui contiamo i viaggi per stabilire specifici incontri, congressi, riunioni, ecc. I partecipanti a queste esperienze avranno tutte le esigenze coperte e un&#8217;organizzazione molto&hellip;<\/p>\n","protected":false},"author":1,"featured_media":0,"parent":1785,"menu_order":10,"comment_status":"closed","ping_status":"open","template":"template-microsite.php","meta":{"footnotes":""},"class_list":["post-1807","page","type-page","status-publish","hentry","description-off"],"yoast_head":"<!-- This site is optimized with the Yoast SEO plugin v27.0 - https:\/\/yoast.com\/product\/yoast-seo-wordpress\/ -->\n<title>Mice: specifici incontri, congressi, riunioni - Viajes Tauro<\/title>\n<meta name=\"description\" content=\"In Viajes Tauro conosciamo l&#039;importanza del pre, del durante e del dopo Congresso, comprendiamo sia le localit\u00e0 che i luoghi per gli incontri.\" \/>\n<meta name=\"robots\" content=\"index, follow, max-snippet:-1, max-image-preview:large, max-video-preview:-1\" \/>\n<link rel=\"canonical\" href=\"https:\/\/www.viajestauro.com\/it\/servizi-turistici\/mice\/\" \/>\n<meta property=\"og:locale\" content=\"it_IT\" \/>\n<meta property=\"og:type\" content=\"article\" \/>\n<meta property=\"og:title\" content=\"Mice: specifici incontri, congressi, riunioni - Viajes Tauro\" \/>\n<meta property=\"og:description\" content=\"In Viajes Tauro conosciamo l&#039;importanza del pre, del durante e del dopo Congresso, comprendiamo sia le localit\u00e0 che i luoghi per gli incontri.\" \/>\n<meta property=\"og:url\" content=\"https:\/\/www.viajestauro.com\/it\/servizi-turistici\/mice\/\" \/>\n<meta property=\"og:site_name\" content=\"Viajes Tauro\" \/>\n<meta property=\"article:modified_time\" content=\"2018-07-24T09:26:54+00:00\" \/>\n<meta name=\"twitter:card\" content=\"summary_large_image\" \/>\n<meta name=\"twitter:label1\" content=\"Tempo di lettura stimato\" \/>\n\t<meta name=\"twitter:data1\" content=\"4 minuti\" \/>\n<script type=\"application\/ld+json\" class=\"yoast-schema-graph\">{\"@context\":\"https:\/\/schema.org\",\"@graph\":[{\"@type\":\"WebPage\",\"@id\":\"https:\/\/www.viajestauro.com\/it\/servizi-turistici\/mice\/\",\"url\":\"https:\/\/www.viajestauro.com\/it\/servizi-turistici\/mice\/\",\"name\":\"Mice: specifici incontri, congressi, riunioni - Viajes Tauro\",\"isPartOf\":{\"@id\":\"https:\/\/www.viajestauro.com\/it\/#website\"},\"datePublished\":\"2018-04-26T11:04:45+00:00\",\"dateModified\":\"2018-07-24T09:26:54+00:00\",\"description\":\"In Viajes Tauro conosciamo l'importanza del pre, del durante e del dopo Congresso, comprendiamo sia le localit\u00e0 che i luoghi per gli incontri.\",\"breadcrumb\":{\"@id\":\"https:\/\/www.viajestauro.com\/it\/servizi-turistici\/mice\/#breadcrumb\"},\"inLanguage\":\"it-IT\",\"potentialAction\":[{\"@type\":\"ReadAction\",\"target\":[\"https:\/\/www.viajestauro.com\/it\/servizi-turistici\/mice\/\"]}]},{\"@type\":\"BreadcrumbList\",\"@id\":\"https:\/\/www.viajestauro.com\/it\/servizi-turistici\/mice\/#breadcrumb\",\"itemListElement\":[{\"@type\":\"ListItem\",\"position\":1,\"name\":\"Portada\",\"item\":\"https:\/\/www.viajestauro.com\/it\/\"},{\"@type\":\"ListItem\",\"position\":2,\"name\":\"Servizi turistici\",\"item\":\"https:\/\/www.viajestauro.com\/it\/servizi-turistici\/\"},{\"@type\":\"ListItem\",\"position\":3,\"name\":\"Mice\"}]},{\"@type\":\"WebSite\",\"@id\":\"https:\/\/www.viajestauro.com\/it\/#website\",\"url\":\"https:\/\/www.viajestauro.com\/it\/\",\"name\":\"Viajes Tauro\",\"description\":\"Agencia de viajes\",\"publisher\":{\"@id\":\"https:\/\/www.viajestauro.com\/it\/#organization\"},\"potentialAction\":[{\"@type\":\"SearchAction\",\"target\":{\"@type\":\"EntryPoint\",\"urlTemplate\":\"https:\/\/www.viajestauro.com\/it\/?s={search_term_string}\"},\"query-input\":{\"@type\":\"PropertyValueSpecification\",\"valueRequired\":true,\"valueName\":\"search_term_string\"}}],\"inLanguage\":\"it-IT\"},{\"@type\":\"Organization\",\"@id\":\"https:\/\/www.viajestauro.com\/it\/#organization\",\"name\":\"Viajes Tauro, S.L.\",\"url\":\"https:\/\/www.viajestauro.com\/it\/\",\"logo\":{\"@type\":\"ImageObject\",\"inLanguage\":\"it-IT\",\"@id\":\"https:\/\/www.viajestauro.com\/it\/#\/schema\/logo\/image\/\",\"url\":\"https:\/\/www.viajestauro.com\/wp-content\/uploads\/2018\/07\/logo-web-h80.png\",\"contentUrl\":\"https:\/\/www.viajestauro.com\/wp-content\/uploads\/2018\/07\/logo-web-h80.png\",\"width\":356,\"height\":80,\"caption\":\"Viajes Tauro, S.L.\"},\"image\":{\"@id\":\"https:\/\/www.viajestauro.com\/it\/#\/schema\/logo\/image\/\"}}]}<\/script>\n<!-- \/ Yoast SEO plugin. -->","yoast_head_json":{"title":"Mice: specifici incontri, congressi, riunioni - Viajes Tauro","description":"In Viajes Tauro conosciamo l'importanza del pre, del durante e del dopo Congresso, comprendiamo sia le localit\u00e0 che i luoghi per gli incontri.","robots":{"index":"index","follow":"follow","max-snippet":"max-snippet:-1","max-image-preview":"max-image-preview:large","max-video-preview":"max-video-preview:-1"},"canonical":"https:\/\/www.viajestauro.com\/it\/servizi-turistici\/mice\/","og_locale":"it_IT","og_type":"article","og_title":"Mice: specifici incontri, congressi, riunioni - Viajes Tauro","og_description":"In Viajes Tauro conosciamo l'importanza del pre, del durante e del dopo Congresso, comprendiamo sia le localit\u00e0 che i luoghi per gli incontri.","og_url":"https:\/\/www.viajestauro.com\/it\/servizi-turistici\/mice\/","og_site_name":"Viajes Tauro","article_modified_time":"2018-07-24T09:26:54+00:00","twitter_card":"summary_large_image","twitter_misc":{"Tempo di lettura stimato":"4 minuti"},"schema":{"@context":"https:\/\/schema.org","@graph":[{"@type":"WebPage","@id":"https:\/\/www.viajestauro.com\/it\/servizi-turistici\/mice\/","url":"https:\/\/www.viajestauro.com\/it\/servizi-turistici\/mice\/","name":"Mice: specifici incontri, congressi, riunioni - Viajes Tauro","isPartOf":{"@id":"https:\/\/www.viajestauro.com\/it\/#website"},"datePublished":"2018-04-26T11:04:45+00:00","dateModified":"2018-07-24T09:26:54+00:00","description":"In Viajes Tauro conosciamo l'importanza del pre, del durante e del dopo Congresso, comprendiamo sia le localit\u00e0 che i luoghi per gli incontri.","breadcrumb":{"@id":"https:\/\/www.viajestauro.com\/it\/servizi-turistici\/mice\/#breadcrumb"},"inLanguage":"it-IT","potentialAction":[{"@type":"ReadAction","target":["https:\/\/www.viajestauro.com\/it\/servizi-turistici\/mice\/"]}]},{"@type":"BreadcrumbList","@id":"https:\/\/www.viajestauro.com\/it\/servizi-turistici\/mice\/#breadcrumb","itemListElement":[{"@type":"ListItem","position":1,"name":"Portada","item":"https:\/\/www.viajestauro.com\/it\/"},{"@type":"ListItem","position":2,"name":"Servizi turistici","item":"https:\/\/www.viajestauro.com\/it\/servizi-turistici\/"},{"@type":"ListItem","position":3,"name":"Mice"}]},{"@type":"WebSite","@id":"https:\/\/www.viajestauro.com\/it\/#website","url":"https:\/\/www.viajestauro.com\/it\/","name":"Viajes Tauro","description":"Agencia de viajes","publisher":{"@id":"https:\/\/www.viajestauro.com\/it\/#organization"},"potentialAction":[{"@type":"SearchAction","target":{"@type":"EntryPoint","urlTemplate":"https:\/\/www.viajestauro.com\/it\/?s={search_term_string}"},"query-input":{"@type":"PropertyValueSpecification","valueRequired":true,"valueName":"search_term_string"}}],"inLanguage":"it-IT"},{"@type":"Organization","@id":"https:\/\/www.viajestauro.com\/it\/#organization","name":"Viajes Tauro, S.L.","url":"https:\/\/www.viajestauro.com\/it\/","logo":{"@type":"ImageObject","inLanguage":"it-IT","@id":"https:\/\/www.viajestauro.com\/it\/#\/schema\/logo\/image\/","url":"https:\/\/www.viajestauro.com\/wp-content\/uploads\/2018\/07\/logo-web-h80.png","contentUrl":"https:\/\/www.viajestauro.com\/wp-content\/uploads\/2018\/07\/logo-web-h80.png","width":356,"height":80,"caption":"Viajes Tauro, S.L."},"image":{"@id":"https:\/\/www.viajestauro.com\/it\/#\/schema\/logo\/image\/"}}]}},"_links":{"self":[{"href":"https:\/\/www.viajestauro.com\/it\/wp-json\/wp\/v2\/pages\/1807","targetHints":{"allow":["GET"]}}],"collection":[{"href":"https:\/\/www.viajestauro.com\/it\/wp-json\/wp\/v2\/pages"}],"about":[{"href":"https:\/\/www.viajestauro.com\/it\/wp-json\/wp\/v2\/types\/page"}],"author":[{"embeddable":true,"href":"https:\/\/www.viajestauro.com\/it\/wp-json\/wp\/v2\/users\/1"}],"replies":[{"embeddable":true,"href":"https:\/\/www.viajestauro.com\/it\/wp-json\/wp\/v2\/comments?post=1807"}],"version-history":[{"count":0,"href":"https:\/\/www.viajestauro.com\/it\/wp-json\/wp\/v2\/pages\/1807\/revisions"}],"up":[{"embeddable":true,"href":"https:\/\/www.viajestauro.com\/it\/wp-json\/wp\/v2\/pages\/1785"}],"wp:attachment":[{"href":"https:\/\/www.viajestauro.com\/it\/wp-json\/wp\/v2\/media?parent=1807"}],"curies":[{"name":"wp","href":"https:\/\/api.w.org\/{rel}","templated":true}]}}